{"id":10953,"date":"2021-09-24T13:35:50","date_gmt":"2021-09-24T16:35:50","guid":{"rendered":"https:\/\/mjtom.com.br\/site1\/?page_id=10953"},"modified":"2025-01-14T18:53:50","modified_gmt":"2025-01-14T21:53:50","slug":"diretoria","status":"publish","type":"page","link":"https:\/\/sinprfsp.org.br\/index.php\/diretoria\/","title":{"rendered":"Diretoria"},"content":{"rendered":"\t\t<div data-elementor-type=\"wp-page\" data-elementor-id=\"10953\" class=\"elementor elementor-10953\">\n\t\t\t\t\t\t<section class=\"elementor-section elementor-top-section elementor-element elementor-element-bc5b0a0 elementor-section-boxed elementor-section-height-default elementor-section-height-default\" data-id=\"bc5b0a0\" data-element_type=\"section\">\n\t\t\t\t\t\t<div class=\"elementor-container elementor-column-gap-default\">\n\t\t\t\t\t<div class=\"elementor-column elementor-col-100 elementor-top-column elementor-element elementor-element-4abf90a top column-style-top\" data-id=\"4abf90a\" data-element_type=\"column\">\n\t\t\t<div class=\"elementor-widget-wrap elementor-element-populated\">\n\t\t\t\t\t\t<div class=\"elementor-element elementor-element-0e7705f elementor-widget elementor-widget-text-editor\" data-id=\"0e7705f\" data-element_type=\"widget\" data-widget_type=\"text-editor.default\">\n\t\t\t\t<div class=\"elementor-widget-container\">\n\t\t\t\t\t\t\t\t\t<div><h1>Equipe<\/h1><p>\u00a0<\/p><\/div><div><h4>Diretoria<\/h4><\/div><div><div><strong>Presidente<\/strong><\/div><div><div>Ot\u00e1vio Jos\u00e9 Cardoso de Oliveira (Sede)<\/div><div>\u00a0<\/div><\/div><\/div><div><div><div><strong>Vice-Presid\u00eancia <\/strong><\/div><div>Den\u00edlson Moura da Silva (Guarulhos)<\/div><div><strong>\u00a0<\/strong><\/div><div><strong>Secretaria da Mulher PRF\u00a0<\/strong><\/div><div><p>Elisete Cardoso Santos (Sede) \/ Fernanda Souza Carlos (Sede)<\/p><\/div><div><strong>Secretaria de Rela\u00e7\u00f5es do Trabalho<\/strong><\/div><\/div><\/div><div><div><p>Lu\u00eds Fernando Ten\u00f3rio do Amaral (Mar\u00edlia) \/ V\u00e2nia Savay\u00a0(Ubatuba)<\/p><div><span style=\"font-weight: bolder;\">Secretaria de Ensino e Cultura<\/span><\/div><div>Jos\u00e9 Luiz Atan\u00e1zio Filho (S\u00e3o Jos\u00e9 dos Campos)<\/div><div>\u00a0<\/div><div><b>Diretoria de Administra\u00e7\u00e3o<\/b><\/div><\/div><\/div><div><div><p>Andr\u00e9 Lu\u00eds de Almeida Bruni (Sede) \/ Valdomiro Rapini (Aposentado)<\/p><\/div><\/div><div><div><strong>Diretoria Financeira<\/strong><\/div><div><p>Carlos Alberto Amorim (Aposentado) \/ Ricardo Luiz da Silva Gomes (Aposentado)<\/p><\/div><\/div><div><div><strong>Diretoria Jur\u00eddica<\/strong><\/div><div><p>S\u00e9rgio Manuel de Castro (Sede) \/ Jos\u00e9 Benedito Rodrigues (Aposentado)<\/p><\/div><\/div><div><div><div><strong>Diretoria Social<\/strong><\/div><\/div><\/div><div><div><div><p>Mauro Celso de Oliveira Abdalla (Guarulhos) \/ Benedito Raul Bento (Aposentado)<\/p><\/div><\/div><div><div><div><strong>Diretoria Parlamentar<\/strong><\/div><\/div><\/div><div><p>Kleber Gomes de Fran\u00e7a (Sede) \/ Paulo Rog\u00e9rio Martins Cunha (Itapecerica da Serra)<\/p><p><strong>Diretoria de Patrim\u00f4nio<\/strong><\/p><\/div><\/div><div><div><div><p>Paulo Henrique Demarchi (Sede) \/ Wagner Dem\u00e9trio da Silva (Sede)<\/p><\/div><div><div><strong>Diretoria de Eventos\u00a0<\/strong><\/div><\/div><\/div><div><div><div><p>Francisco Alencar de Souza (Aposentado) \/ Rony Donizeti Tavares Huguenin (Sede)<\/p><\/div><div>\u00a0<\/div><\/div><div><div><strong>Diretoria de Assist\u00eancia aos Aposentados e Pensionistas <\/strong><\/div><div><p>Emilio Carlos Beraldo Lescura (Aposentado) \/ Geraldo Tobias Pereira Filho (Aposentado)<\/p><\/div><\/div><div><div><div><div><strong>Secretaria de Pensionistas<\/strong><\/div><\/div><\/div><div>Marcia Muradi (Pensionista)<\/div><\/div><\/div><\/div><div><div><div>\u00a0<\/div><\/div><\/div><div><div><div><strong>Diretoria de Comunica\u00e7\u00e3o Social<\/strong><\/div><\/div><\/div><div><div><p>Andr\u00e9 Lucio de Castro (Mar\u00edlia) \/ Andr\u00e9 Luiz do Prado (Aposentado)<\/p><\/div><div><div><strong>Delegado Representante S\u00e3o Jos\u00e9 dos Campos:\u00a0<\/strong><\/div><\/div><\/div><div><div><p>Cleverson Luiz Calzado Gomes (S\u00e3o Jos\u00e9 dos Campos)<\/p><\/div><div><div><strong>Delegado Representante Registro:<\/strong>\u00a0<\/div><div>Daniel Belarmino da Silva (Registro)<\/div><\/div><\/div><div>\u00a0<\/div><div><div><strong>Delegado Representante S\u00e3o Jos\u00e9 do Rio Preto<\/strong><\/div><div><p>Oziel Oliveira da Silva (S\u00e3o Jos\u00e9 do Rio Preto)<\/p><\/div><\/div><div><div><p><strong>Delegado Representante Titular FenaPRF: <\/strong><\/p><p>Fabio Lu\u00eds de Almeida (Sede)<\/p><p><strong>Delegado Representante Titular FenaPRF Suplente:<\/strong><\/p><p>Paulo S\u00e9rgio Dias Poli (Mar\u00edlia)<\/p><\/div><div>\u00a0<\/div><\/div>\t\t\t\t\t\t\t\t<\/div>\n\t\t\t\t<\/div>\n\t\t\t\t\t<\/div>\n\t\t<\/div>\n\t\t\t\t\t<\/div>\n\t\t<\/section>\n\t\t\t\t<\/div>\n\t\t","protected":false},"excerpt":{"rendered":"<p>Equipe \u00a0 Diretoria PresidenteOt\u00e1vio Jos\u00e9 Cardoso de Oliveira (Sede)\u00a0Vice-Presid\u00eancia Den\u00edlson Moura da Silva (Guarulhos)\u00a0Secretaria da Mulher PRF\u00a0 Elisete Cardoso Santos (Sede) \/ Fernanda Souza Carlos (Sede) Secretaria de Rela\u00e7\u00f5es do Trabalho Lu\u00eds Fernando Ten\u00f3rio do Amaral (Mar\u00edlia) \/ V\u00e2nia Savay\u00a0(Ubatuba) Secretaria de Ensino e CulturaJos\u00e9 Luiz Atan\u00e1zio Filho (S\u00e3o Jos\u00e9 dos Campos)\u00a0Diretoria de Administra\u00e7\u00e3o Andr\u00e9 [&hellip;]<\/p>\n","protected":false},"author":3,"featured_media":0,"parent":0,"menu_order":0,"comment_status":"closed","ping_status":"closed","template":"","meta":{"footnotes":""},"class_list":["post-10953","page","type-page","status-publish","hentry"],"_links":{"self":[{"href":"https:\/\/sinprfsp.org.br\/index.php\/wp-json\/wp\/v2\/pages\/10953","targetHints":{"allow":["GET"]}}],"collection":[{"href":"https:\/\/sinprfsp.org.br\/index.php\/wp-json\/wp\/v2\/pages"}],"about":[{"href":"https:\/\/sinprfsp.org.br\/index.php\/wp-json\/wp\/v2\/types\/page"}],"author":[{"embeddable":true,"href":"https:\/\/sinprfsp.org.br\/index.php\/wp-json\/wp\/v2\/users\/3"}],"replies":[{"embeddable":true,"href":"https:\/\/sinprfsp.org.br\/index.php\/wp-json\/wp\/v2\/comments?post=10953"}],"version-history":[{"count":42,"href":"https:\/\/sinprfsp.org.br\/index.php\/wp-json\/wp\/v2\/pages\/10953\/revisions"}],"predecessor-version":[{"id":19141,"href":"https:\/\/sinprfsp.org.br\/index.php\/wp-json\/wp\/v2\/pages\/10953\/revisions\/19141"}],"wp:attachment":[{"href":"https:\/\/sinprfsp.org.br\/index.php\/wp-json\/wp\/v2\/media?parent=10953"}],"curies":[{"name":"wp","href":"https:\/\/api.w.org\/{rel}","templated":true}]}}