{"id":10957,"date":"2021-09-24T13:38:39","date_gmt":"2021-09-24T16:38:39","guid":{"rendered":"https:\/\/mjtom.com.br\/site1\/?page_id=10957"},"modified":"2024-10-23T09:54:55","modified_gmt":"2024-10-23T12:54:55","slug":"filie-se","status":"publish","type":"page","link":"https:\/\/sinprfsp.org.br\/index.php\/filie-se\/","title":{"rendered":"FILIE-SE"},"content":{"rendered":"<!-- Added by Post\/Page Specific Custom Code plugin, thank you for using! -->\n<style>\/* .custom-breadcrumb .breadcrumb-container-inner .heading-title {\r\ndisplay:none;\r\n} *\/<\/style>\n\t\t<div data-elementor-type=\"wp-page\" data-elementor-id=\"10957\" class=\"elementor elementor-10957\">\n\t\t\t\t\t\t<section class=\"elementor-section elementor-top-section elementor-element elementor-element-241ab1a elementor-section-boxed elementor-section-height-default elementor-section-height-default\" data-id=\"241ab1a\" data-element_type=\"section\">\n\t\t\t\t\t\t<div class=\"elementor-container elementor-column-gap-default\">\n\t\t\t\t\t<div class=\"elementor-column elementor-col-100 elementor-top-column elementor-element elementor-element-98c1602 top column-style-top\" data-id=\"98c1602\" data-element_type=\"column\">\n\t\t\t<div class=\"elementor-widget-wrap elementor-element-populated\">\n\t\t\t\t\t\t<div class=\"elementor-element elementor-element-0e2bf16 elementor-widget elementor-widget-text-editor\" data-id=\"0e2bf16\" data-element_type=\"widget\" data-widget_type=\"text-editor.default\">\n\t\t\t\t<div class=\"elementor-widget-container\">\n\t\t\t\t\t\t\t\t\t<p><span data-contrast=\"auto\">O SINPRF-SP\u00a0tem\u00a0como miss\u00e3o\u00a0representar\u00a0os Policiais Rodovi\u00e1rios Federais do Estado de S\u00e3o Paulo\u00a0perante as autoridades Administrativas, Legislativas e Judiciais, na defesa de seus direitos e interesses, sejam eles coletivos ou individuais.<\/span><span data-ccp-props=\"{\">\u00a0<\/span><\/p><p><span data-contrast=\"auto\">Ao\u00a0se filiar ao SINPRF-SP o sindicalizado\u00a0tem\u00a0direito de participar das a\u00e7\u00f5es que j\u00e1 est\u00e3o em andamento\u00a0e\u00a0passa a contar com benef\u00edcios como acesso\u00a0<\/span><span data-contrast=\"none\">\u00e0 assist\u00eancia jur\u00eddica completa,\u00a0ou seja, n\u00e3o apenas para as quest\u00f5es profissionais, mas tamb\u00e9m para as pessoais, sem limite de causa e sem honor\u00e1rio advocat\u00edcios (o sindicalizado arca com as custas, e preparos, e com as verbas sucumbenciais no caso de condena\u00e7\u00e3o),\u00a0al\u00e9m de conv\u00eanios\u00a0<\/span><span data-contrast=\"auto\">que\u00a0oferecem descontos em universidades, escolas, cursos,\u00a0servi\u00e7os e s\u00e3o estendidos aos familiares do associado.\u00a0Outro benef\u00edcio oferecido \u00e9 o AMFAS \u2013 Ajuda M\u00fatua \u00e0 Fam\u00edlia do Sindicalizado,\u00a0<\/span><span data-contrast=\"auto\">que tem como principal objetivo oferecer suporte financeiro aos familiares do sindicalizado(a) no momento de sua morte, levando apoio em um momento t\u00e3o dif\u00edcil.<\/span><span data-ccp-props=\"{\">\u00a0<\/span><\/p><p><span data-contrast=\"auto\">Muitas batalhas j\u00e1 foram vencidas e outras est\u00e3o por vir.\u00a0<\/span><span data-ccp-props=\"{\">\u00a0<\/span><\/p><p><span data-contrast=\"auto\">Sindicalizar-se \u00e9 exercer plenamente a sua cidadania. Venha participar da sua entidade representativa de classe e lutar\u00a0pela perman\u00eancia dos\u00a0direitos j\u00e1\u00a0adquiridos\u00a0e ampli\u00e1-los.<\/span><span data-ccp-props=\"{\">\u00a0<\/span><\/p><h5><strong>Fa\u00e7a o download da respectiva ficha de inscri\u00e7\u00e3o:<\/strong><\/h5>\t\t\t\t\t\t\t\t<\/div>\n\t\t\t\t<\/div>\n\t\t\t\t<section class=\"elementor-section elementor-inner-section elementor-element elementor-element-478cae0 elementor-section-boxed elementor-section-height-default elementor-section-height-default\" data-id=\"478cae0\" data-element_type=\"section\">\n\t\t\t\t\t\t<div class=\"elementor-container elementor-column-gap-narrow\">\n\t\t\t\t\t<div class=\"elementor-column elementor-col-33 elementor-inner-column elementor-element elementor-element-f189618 top column-style-top\" data-id=\"f189618\" data-element_type=\"column\">\n\t\t\t<div class=\"elementor-widget-wrap elementor-element-populated\">\n\t\t\t\t\t\t<div class=\"elementor-element elementor-element-40aa41b elementor-align-justify elementor-widget elementor-widget-button\" data-id=\"40aa41b\" data-element_type=\"widget\" data-widget_type=\"button.default\">\n\t\t\t\t<div class=\"elementor-widget-container\">\n\t\t\t\t\t\t\t\t\t<div class=\"elementor-button-wrapper\">\n\t\t\t\t\t<a class=\"elementor-button elementor-button-link elementor-size-md\" href=\"https:\/\/sinprfsp.org.br\/wp-content\/uploads\/2024\/05\/Ficha_Filiacao_PRF_2024.pdf\">\n\t\t\t\t\t\t<span class=\"elementor-button-content-wrapper\">\n\t\t\t\t\t\t\t\t\t<span class=\"elementor-button-text\">Policial Rodovi\u00e1rio Federal<\/span>\n\t\t\t\t\t<\/span>\n\t\t\t\t\t<\/a>\n\t\t\t\t<\/div>\n\t\t\t\t\t\t\t\t<\/div>\n\t\t\t\t<\/div>\n\t\t\t\t\t<\/div>\n\t\t<\/div>\n\t\t\t\t<div class=\"elementor-column elementor-col-33 elementor-inner-column elementor-element elementor-element-f6d8c28 top column-style-top\" data-id=\"f6d8c28\" data-element_type=\"column\">\n\t\t\t<div class=\"elementor-widget-wrap elementor-element-populated\">\n\t\t\t\t\t\t<div class=\"elementor-element elementor-element-c0503ce elementor-align-justify elementor-widget elementor-widget-button\" data-id=\"c0503ce\" data-element_type=\"widget\" data-widget_type=\"button.default\">\n\t\t\t\t<div class=\"elementor-widget-container\">\n\t\t\t\t\t\t\t\t\t<div class=\"elementor-button-wrapper\">\n\t\t\t\t\t<a class=\"elementor-button elementor-button-link elementor-size-md\" href=\"https:\/\/sinprfsp.org.br\/wp-content\/uploads\/2024\/05\/Ficha_Filiacao_Administrativo_2024.pdf\">\n\t\t\t\t\t\t<span class=\"elementor-button-content-wrapper\">\n\t\t\t\t\t\t\t\t\t<span class=\"elementor-button-text\">Servidor Administrativo<\/span>\n\t\t\t\t\t<\/span>\n\t\t\t\t\t<\/a>\n\t\t\t\t<\/div>\n\t\t\t\t\t\t\t\t<\/div>\n\t\t\t\t<\/div>\n\t\t\t\t\t<\/div>\n\t\t<\/div>\n\t\t\t\t<div class=\"elementor-column elementor-col-33 elementor-inner-column elementor-element elementor-element-577c008 top column-style-top\" data-id=\"577c008\" data-element_type=\"column\">\n\t\t\t<div class=\"elementor-widget-wrap elementor-element-populated\">\n\t\t\t\t\t\t<div class=\"elementor-element elementor-element-9832e01 elementor-align-justify elementor-widget elementor-widget-button\" data-id=\"9832e01\" data-element_type=\"widget\" data-widget_type=\"button.default\">\n\t\t\t\t<div class=\"elementor-widget-container\">\n\t\t\t\t\t\t\t\t\t<div class=\"elementor-button-wrapper\">\n\t\t\t\t\t<a class=\"elementor-button elementor-button-link elementor-size-md\" href=\"https:\/\/sinprfsp.org.br\/wp-content\/uploads\/2024\/10\/Ficha_filiacao_Pensionista_outubrode2024_OK-2.pdf\">\n\t\t\t\t\t\t<span class=\"elementor-button-content-wrapper\">\n\t\t\t\t\t\t\t\t\t<span class=\"elementor-button-text\">Pensionista<\/span>\n\t\t\t\t\t<\/span>\n\t\t\t\t\t<\/a>\n\t\t\t\t<\/div>\n\t\t\t\t\t\t\t\t<\/div>\n\t\t\t\t<\/div>\n\t\t\t\t\t<\/div>\n\t\t<\/div>\n\t\t\t\t\t<\/div>\n\t\t<\/section>\n\t\t\t\t\t<\/div>\n\t\t<\/div>\n\t\t\t\t\t<\/div>\n\t\t<\/section>\n\t\t\t\t<\/div>\n\t\t","protected":false},"excerpt":{"rendered":"<p>O SINPRF-SP\u00a0tem\u00a0como miss\u00e3o\u00a0representar\u00a0os Policiais Rodovi\u00e1rios Federais do Estado de S\u00e3o Paulo\u00a0perante as autoridades Administrativas, Legislativas e Judiciais, na defesa de seus direitos e interesses, sejam eles coletivos ou individuais.\u00a0 Ao\u00a0se filiar ao SINPRF-SP o sindicalizado\u00a0tem\u00a0direito de participar das a\u00e7\u00f5es que j\u00e1 est\u00e3o em andamento\u00a0e\u00a0passa a contar com benef\u00edcios como acesso\u00a0\u00e0 assist\u00eancia jur\u00eddica completa,\u00a0ou seja, n\u00e3o [&hellip;]<\/p>\n","protected":false},"author":3,"featured_media":0,"parent":0,"menu_order":0,"comment_status":"closed","ping_status":"closed","template":"","meta":{"footnotes":""},"class_list":["post-10957","page","type-page","status-publish","hentry"],"_links":{"self":[{"href":"https:\/\/sinprfsp.org.br\/index.php\/wp-json\/wp\/v2\/pages\/10957","targetHints":{"allow":["GET"]}}],"collection":[{"href":"https:\/\/sinprfsp.org.br\/index.php\/wp-json\/wp\/v2\/pages"}],"about":[{"href":"https:\/\/sinprfsp.org.br\/index.php\/wp-json\/wp\/v2\/types\/page"}],"author":[{"embeddable":true,"href":"https:\/\/sinprfsp.org.br\/index.php\/wp-json\/wp\/v2\/users\/3"}],"replies":[{"embeddable":true,"href":"https:\/\/sinprfsp.org.br\/index.php\/wp-json\/wp\/v2\/comments?post=10957"}],"version-history":[{"count":68,"href":"https:\/\/sinprfsp.org.br\/index.php\/wp-json\/wp\/v2\/pages\/10957\/revisions"}],"predecessor-version":[{"id":18894,"href":"https:\/\/sinprfsp.org.br\/index.php\/wp-json\/wp\/v2\/pages\/10957\/revisions\/18894"}],"wp:attachment":[{"href":"https:\/\/sinprfsp.org.br\/index.php\/wp-json\/wp\/v2\/media?parent=10957"}],"curies":[{"name":"wp","href":"https:\/\/api.w.org\/{rel}","templated":true}]}}