{"id":11031,"date":"2021-09-29T14:50:40","date_gmt":"2021-09-29T17:50:40","guid":{"rendered":"https:\/\/mjtom.com.br\/site1\/?page_id=11031"},"modified":"2022-03-08T15:40:22","modified_gmt":"2022-03-08T18:40:22","slug":"amfas","status":"publish","type":"page","link":"https:\/\/sinprfsp.org.br\/index.php\/amfas\/","title":{"rendered":"AMFAS"},"content":{"rendered":"<!-- Added by Post\/Page Specific Custom Code plugin, thank you for using! -->\n<style>\/* .custom-breadcrumb .breadcrumb-container-inner .heading-title {\r\ndisplay:none;\r\n} *\/<\/style>\n\t\t<div data-elementor-type=\"wp-page\" data-elementor-id=\"11031\" class=\"elementor elementor-11031\">\n\t\t\t\t\t\t<section class=\"elementor-section elementor-top-section elementor-element elementor-element-c266f77 elementor-section-boxed elementor-section-height-default elementor-section-height-default\" data-id=\"c266f77\" data-element_type=\"section\">\n\t\t\t\t\t\t<div class=\"elementor-container elementor-column-gap-default\">\n\t\t\t\t\t<div class=\"elementor-column elementor-col-100 elementor-top-column elementor-element elementor-element-9ca1536 top column-style-top\" data-id=\"9ca1536\" data-element_type=\"column\">\n\t\t\t<div class=\"elementor-widget-wrap elementor-element-populated\">\n\t\t\t\t\t\t<div class=\"elementor-element elementor-element-4cca942 elementor-widget elementor-widget-text-editor\" data-id=\"4cca942\" data-element_type=\"widget\" data-widget_type=\"text-editor.default\">\n\t\t\t\t<div class=\"elementor-widget-container\">\n\t\t\t\t\t\t\t\t\t<p><span data-contrast=\"none\">AMFAS &#8211; Ajuda M\u00fatua \u00e0 Fam\u00edlia do Sindicalizado \u00e9 um sistema de ajuda m\u00fatua que tem como principal objetivo oferecer suporte financeiro aos familiares do sindicalizado(a) no momento de sua morte, levando apoio em um momento t\u00e3o dif\u00edcil.<\/span><span data-ccp-props=\"{\">\u00a0<\/span><\/p><h5><b><span data-contrast=\"none\">Como funciona o AMFAS?<\/span><\/b><span data-ccp-props=\"{\">\u00a0<\/span><\/h5><p><span data-contrast=\"none\">O sindicalizado ap\u00f3s realizar sua ades\u00e3o, por meio de ficha de ades\u00e3o disponibilizada na secretaria do SINPRF-SP, passa imediatamente a fazer parte do programa e usufruir todos os direitos.<\/span><span data-ccp-props=\"{\">\u00a0<\/span><\/p><p><span data-contrast=\"none\">O sistema funciona da seguinte forma: a cada falecimento de sindicalizado participante do AMFAS \u00e9 descontado em folha R$ 81,75 dos outros, que tamb\u00e9m fazem parte do sistema. O valor total arrecadado \u00e9 repassado aos dependentes do sindicalizado.<\/span><span data-ccp-props=\"{\">\u00a0<\/span><\/p><p><span data-contrast=\"none\">\u00c9 importante destacar que \u00e9 realizado apenas um desconto por m\u00eas, ou seja, se em um mesmo m\u00eas ocorrerem mais de um falecimento, obedecendo uma ordem cronol\u00f3gica, os descontos ser\u00e3o feitos em meses subsequentes.<\/span><span data-ccp-props=\"{\">\u00a0<\/span><\/p><p><span data-contrast=\"none\">Ao todo 260 fam\u00edlias j\u00e1 foram beneficiadas pelo AMFAS desde sua cria\u00e7\u00e3o.<\/span><span data-ccp-props=\"{\">\u00a0<\/span><\/p><p><span data-contrast=\"none\"><strong>Mais informa\u00e7\u00f5es podem ser obtidas na secretaria do SINPRF-SP, por meio do telefone: (11) 2631-9600.<\/strong><\/span><strong>\u00a0<\/strong><\/p>\t\t\t\t\t\t\t\t<\/div>\n\t\t\t\t<\/div>\n\t\t\t\t\t<\/div>\n\t\t<\/div>\n\t\t\t\t\t<\/div>\n\t\t<\/section>\n\t\t\t\t<section class=\"elementor-section elementor-top-section elementor-element elementor-element-f0b3258 elementor-section-boxed elementor-section-height-default elementor-section-height-default\" data-id=\"f0b3258\" data-element_type=\"section\">\n\t\t\t\t\t\t<div class=\"elementor-container elementor-column-gap-default\">\n\t\t\t\t\t<div class=\"elementor-column elementor-col-50 elementor-top-column elementor-element elementor-element-22179de top column-style-top\" data-id=\"22179de\" data-element_type=\"column\">\n\t\t\t<div class=\"elementor-widget-wrap elementor-element-populated\">\n\t\t\t\t\t\t<div class=\"elementor-element elementor-element-74d435d elementor-widget elementor-widget-image\" data-id=\"74d435d\" data-element_type=\"widget\" data-widget_type=\"image.default\">\n\t\t\t\t<div class=\"elementor-widget-container\">\n\t\t\t\t\t\t\t\t\t\t\t\t\t\t\t<img fetchpriority=\"high\" decoding=\"async\" width=\"800\" height=\"800\" src=\"https:\/\/sinprfsp.org.br\/wp-content\/uploads\/2021\/11\/BANNER-SITE-800x800-amfas.jpg\" class=\"attachment-large size-large wp-image-16126\" alt=\"\" srcset=\"https:\/\/sinprfsp.org.br\/wp-content\/uploads\/2021\/11\/BANNER-SITE-800x800-amfas.jpg 800w, https:\/\/sinprfsp.org.br\/wp-content\/uploads\/2021\/11\/BANNER-SITE-800x800-amfas-600x600.jpg 600w, https:\/\/sinprfsp.org.br\/wp-content\/uploads\/2021\/11\/BANNER-SITE-800x800-amfas-180x180.jpg 180w, https:\/\/sinprfsp.org.br\/wp-content\/uploads\/2021\/11\/BANNER-SITE-800x800-amfas-768x768.jpg 768w, https:\/\/sinprfsp.org.br\/wp-content\/uploads\/2021\/11\/BANNER-SITE-800x800-amfas-24x24.jpg 24w, https:\/\/sinprfsp.org.br\/wp-content\/uploads\/2021\/11\/BANNER-SITE-800x800-amfas-48x48.jpg 48w, https:\/\/sinprfsp.org.br\/wp-content\/uploads\/2021\/11\/BANNER-SITE-800x800-amfas-96x96.jpg 96w, https:\/\/sinprfsp.org.br\/wp-content\/uploads\/2021\/11\/BANNER-SITE-800x800-amfas-150x150.jpg 150w, https:\/\/sinprfsp.org.br\/wp-content\/uploads\/2021\/11\/BANNER-SITE-800x800-amfas-300x300.jpg 300w\" sizes=\"(max-width: 800px) 100vw, 800px\" \/>\t\t\t\t\t\t\t\t\t\t\t\t\t\t\t<\/div>\n\t\t\t\t<\/div>\n\t\t\t\t\t<\/div>\n\t\t<\/div>\n\t\t\t\t<div class=\"elementor-column elementor-col-50 elementor-top-column elementor-element elementor-element-bd3c18d top column-style-top\" data-id=\"bd3c18d\" data-element_type=\"column\">\n\t\t\t<div class=\"elementor-widget-wrap elementor-element-populated\">\n\t\t\t\t\t\t<div class=\"elementor-element elementor-element-90b1d82 elementor-widget elementor-widget-text-editor\" data-id=\"90b1d82\" data-element_type=\"widget\" data-widget_type=\"text-editor.default\">\n\t\t\t\t<div class=\"elementor-widget-container\">\n\t\t\t\t\t\t\t\t\t<h5><strong>Servi\u00e7os<\/strong><\/h5><ul><li><a href=\"\/index.php\/assessoria-juridica\/\">Assessoria Jur\u00eddica<\/a><\/li><li><a href=\"\/index.php\/atualizacao-cadastral\/\">Atualiza\u00e7\u00e3o Cadatral<\/a><\/li><li><a href=\"\/index.php\/fenaclube\/\">FENACLUBE<\/a><\/li><li><a href=\"\/index.php\/parcerias\/\">Parcerias<\/a><\/li><li><a href=\"\/index.php\/registro-de-armas\/\">Registro de Armas<\/a><\/li><\/ul>\t\t\t\t\t\t\t\t<\/div>\n\t\t\t\t<\/div>\n\t\t\t\t<div class=\"elementor-element elementor-element-efeb0de elementor-widget elementor-widget-text-editor\" data-id=\"efeb0de\" data-element_type=\"widget\" data-widget_type=\"text-editor.default\">\n\t\t\t\t<div class=\"elementor-widget-container\">\n\t\t\t\t\t\t\t\t\t<p>Mais informa\u00e7\u00f5es<\/p><p>podem ser obtidas<\/p><p>na secretaria do SinPRF-SP<\/p><p>TEL: (11) 2631-9600<\/p>\t\t\t\t\t\t\t\t<\/div>\n\t\t\t\t<\/div>\n\t\t\t\t\t<\/div>\n\t\t<\/div>\n\t\t\t\t\t<\/div>\n\t\t<\/section>\n\t\t\t\t<section class=\"elementor-section elementor-top-section elementor-element elementor-element-0c5005b elementor-section-boxed elementor-section-height-default elementor-section-height-default\" data-id=\"0c5005b\" data-element_type=\"section\">\n\t\t\t\t\t\t<div class=\"elementor-container elementor-column-gap-default\">\n\t\t\t\t\t<div class=\"elementor-column elementor-col-100 elementor-top-column elementor-element elementor-element-663eb04 top column-style-top\" data-id=\"663eb04\" data-element_type=\"column\">\n\t\t\t<div class=\"elementor-widget-wrap elementor-element-populated\">\n\t\t\t\t\t\t<div class=\"elementor-element elementor-element-de8ccb6 elementor-widget elementor-widget-spacer\" data-id=\"de8ccb6\" data-element_type=\"widget\" data-widget_type=\"spacer.default\">\n\t\t\t\t<div class=\"elementor-widget-container\">\n\t\t\t\t\t\t\t<div class=\"elementor-spacer\">\n\t\t\t<div class=\"elementor-spacer-inner\"><\/div>\n\t\t<\/div>\n\t\t\t\t\t\t<\/div>\n\t\t\t\t<\/div>\n\t\t\t\t\t<\/div>\n\t\t<\/div>\n\t\t\t\t\t<\/div>\n\t\t<\/section>\n\t\t\t\t<\/div>\n\t\t","protected":false},"excerpt":{"rendered":"<p>AMFAS &#8211; Ajuda M\u00fatua \u00e0 Fam\u00edlia do Sindicalizado \u00e9 um sistema de ajuda m\u00fatua que tem como principal objetivo oferecer suporte financeiro aos familiares do sindicalizado(a) no momento de sua morte, levando apoio em um momento t\u00e3o dif\u00edcil.\u00a0 Como funciona o AMFAS?\u00a0 O sindicalizado ap\u00f3s realizar sua ades\u00e3o, por meio de ficha de ades\u00e3o disponibilizada [&hellip;]<\/p>\n","protected":false},"author":3,"featured_media":0,"parent":0,"menu_order":0,"comment_status":"closed","ping_status":"closed","template":"","meta":{"footnotes":""},"class_list":["post-11031","page","type-page","status-publish","hentry"],"_links":{"self":[{"href":"https:\/\/sinprfsp.org.br\/index.php\/wp-json\/wp\/v2\/pages\/11031","targetHints":{"allow":["GET"]}}],"collection":[{"href":"https:\/\/sinprfsp.org.br\/index.php\/wp-json\/wp\/v2\/pages"}],"about":[{"href":"https:\/\/sinprfsp.org.br\/index.php\/wp-json\/wp\/v2\/types\/page"}],"author":[{"embeddable":true,"href":"https:\/\/sinprfsp.org.br\/index.php\/wp-json\/wp\/v2\/users\/3"}],"replies":[{"embeddable":true,"href":"https:\/\/sinprfsp.org.br\/index.php\/wp-json\/wp\/v2\/comments?post=11031"}],"version-history":[{"count":55,"href":"https:\/\/sinprfsp.org.br\/index.php\/wp-json\/wp\/v2\/pages\/11031\/revisions"}],"predecessor-version":[{"id":16886,"href":"https:\/\/sinprfsp.org.br\/index.php\/wp-json\/wp\/v2\/pages\/11031\/revisions\/16886"}],"wp:attachment":[{"href":"https:\/\/sinprfsp.org.br\/index.php\/wp-json\/wp\/v2\/media?parent=11031"}],"curies":[{"name":"wp","href":"https:\/\/api.w.org\/{rel}","templated":true}]}}