{"id":1397,"date":"2016-07-24T02:43:11","date_gmt":"2016-07-24T05:43:11","guid":{"rendered":"https:\/\/www.gavias-theme.com\/wp\/indutri\/?page_id=1397"},"modified":"2022-04-05T17:06:41","modified_gmt":"2022-04-05T20:06:41","slug":"noticias","status":"publish","type":"page","link":"https:\/\/sinprfsp.org.br\/index.php\/noticias\/","title":{"rendered":"Not\u00edcias"},"content":{"rendered":"\t\t<div data-elementor-type=\"wp-post\" data-elementor-id=\"1397\" class=\"elementor elementor-1397\">\n\t\t\t\t\t\t<section class=\"elementor-section elementor-top-section elementor-element elementor-element-3c7b987 elementor-section-boxed elementor-section-height-default elementor-section-height-default\" data-id=\"3c7b987\" data-element_type=\"section\">\n\t\t\t\t\t\t<div class=\"elementor-container elementor-column-gap-default\">\n\t\t\t\t\t<div class=\"elementor-column elementor-col-50 elementor-top-column elementor-element elementor-element-b444087 top column-style-top\" data-id=\"b444087\" data-element_type=\"column\">\n\t\t\t<div class=\"elementor-widget-wrap elementor-element-populated\">\n\t\t\t\t\t\t<div class=\"elementor-element elementor-element-39ed342 elementor-grid-3 elementor-grid-tablet-2 elementor-grid-mobile-1 elementor-posts--thumbnail-top elementor-widget elementor-widget-posts\" data-id=\"39ed342\" data-element_type=\"widget\" data-settings=\"{&quot;classic_columns&quot;:&quot;3&quot;,&quot;classic_columns_tablet&quot;:&quot;2&quot;,&quot;classic_columns_mobile&quot;:&quot;1&quot;,&quot;classic_row_gap&quot;:{&quot;unit&quot;:&quot;px&quot;,&quot;size&quot;:35,&quot;sizes&quot;:[]}}\" data-widget_type=\"posts.classic\">\n\t\t\t\t<div class=\"elementor-widget-container\">\n\t\t\t\t\t\t\t<div class=\"elementor-posts-container elementor-posts elementor-posts--skin-classic elementor-grid\">\n\t\t\t\t<article class=\"elementor-post elementor-grid-item post-19847 post type-post status-publish format-standard has-post-thumbnail hentry category-noticias-em-destaque\">\n\t\t\t\t<a class=\"elementor-post__thumbnail__link\" href=\"https:\/\/sinprfsp.org.br\/index.php\/2026\/04\/17\/comunicado-feriado-de-tiradentes\/\" >\n\t\t\t<div class=\"elementor-post__thumbnail\"><img fetchpriority=\"high\" decoding=\"async\" width=\"600\" height=\"540\" src=\"https:\/\/sinprfsp.org.br\/wp-content\/uploads\/2026\/04\/260417-site-SINPRF-SP-600x540.jpg\" class=\"attachment-medium size-medium wp-image-19848\" alt=\"\" \/><\/div>\n\t\t<\/a>\n\t\t\t\t<div class=\"elementor-post__text\">\n\t\t\t\t<h3 class=\"elementor-post__title\">\n\t\t\t<a href=\"https:\/\/sinprfsp.org.br\/index.php\/2026\/04\/17\/comunicado-feriado-de-tiradentes\/\" >\n\t\t\t\tComunicado &#8211; Feriado de Tiradentes\t\t\t<\/a>\n\t\t<\/h3>\n\t\t\t\t<div class=\"elementor-post__meta-data\">\n\t\t\t\t\t<span class=\"elementor-post-date\">\n\t\t\t17 de abril de 2026\t\t<\/span>\n\t\t\t\t<\/div>\n\t\t\t\t<div class=\"elementor-post__excerpt\">\n\t\t\t<p>A diretoria do SINPRF-SP informa aos seus sindicalizados que, em&nbsp;virtude do feriado de Tiradentes, o sindicato&nbsp;n\u00e3o contar\u00e1 com expediente entre os dias 20 e 21<\/p>\n\t\t<\/div>\n\t\t\t\t<\/div>\n\t\t\t\t<\/article>\n\t\t\t\t<article class=\"elementor-post elementor-grid-item post-19843 post type-post status-publish format-standard has-post-thumbnail hentry category-noticias-em-destaque\">\n\t\t\t\t<a class=\"elementor-post__thumbnail__link\" href=\"https:\/\/sinprfsp.org.br\/index.php\/2026\/04\/15\/fenaprf-disponibiliza-formulario-para-ajuizamento-de-acoes-cumprimento-de-sentenca-referente-a-correcao-monetaria-de-exercicios-anteriores\/\" >\n\t\t\t<div class=\"elementor-post__thumbnail\"><img decoding=\"async\" width=\"600\" height=\"535\" src=\"https:\/\/sinprfsp.org.br\/wp-content\/uploads\/2026\/04\/direito-600x535.jpg\" class=\"attachment-medium size-medium wp-image-19844\" alt=\"\" \/><\/div>\n\t\t<\/a>\n\t\t\t\t<div class=\"elementor-post__text\">\n\t\t\t\t<h3 class=\"elementor-post__title\">\n\t\t\t<a href=\"https:\/\/sinprfsp.org.br\/index.php\/2026\/04\/15\/fenaprf-disponibiliza-formulario-para-ajuizamento-de-acoes-cumprimento-de-sentenca-referente-a-correcao-monetaria-de-exercicios-anteriores\/\" >\n\t\t\t\tFenaPRF disponibiliza formul\u00e1rio para ajuizamento de a\u00e7\u00f5es cumprimento de senten\u00e7a referente \u00e0 Corre\u00e7\u00e3o Monet\u00e1ria de Exerc\u00edcios Anteriores\t\t\t<\/a>\n\t\t<\/h3>\n\t\t\t\t<div class=\"elementor-post__meta-data\">\n\t\t\t\t\t<span class=\"elementor-post-date\">\n\t\t\t15 de abril de 2026\t\t<\/span>\n\t\t\t\t<\/div>\n\t\t\t\t<div class=\"elementor-post__excerpt\">\n\t\t\t<p>A Federa\u00e7\u00e3o Nacional dos Policiais Rodovi\u00e1rios Federais (FenaPRF) disponibilizou um formul\u00e1rio espec\u00edfico para coleta dos dados, organiza\u00e7\u00e3o da documenta\u00e7\u00e3o e in\u00edcio do ajuizamento das a\u00e7\u00f5es<\/p>\n\t\t<\/div>\n\t\t\t\t<\/div>\n\t\t\t\t<\/article>\n\t\t\t\t<article class=\"elementor-post elementor-grid-item post-19839 post type-post status-publish format-standard has-post-thumbnail hentry category-noticias-em-destaque\">\n\t\t\t\t<a class=\"elementor-post__thumbnail__link\" href=\"https:\/\/sinprfsp.org.br\/index.php\/2026\/04\/09\/plano-de-saude-atuacao-da-fenaprf-e-sindicatos-busca-manter-dependentes-e-evitar-cobrancas-indevidas\/\" >\n\t\t\t<div class=\"elementor-post__thumbnail\"><img decoding=\"async\" width=\"600\" height=\"600\" src=\"https:\/\/sinprfsp.org.br\/wp-content\/uploads\/2026\/04\/Acao_judicial-600x600.jpg\" class=\"attachment-medium size-medium wp-image-19840\" alt=\"\" srcset=\"https:\/\/sinprfsp.org.br\/wp-content\/uploads\/2026\/04\/Acao_judicial-600x600.jpg 600w, https:\/\/sinprfsp.org.br\/wp-content\/uploads\/2026\/04\/Acao_judicial-180x180.jpg 180w, https:\/\/sinprfsp.org.br\/wp-content\/uploads\/2026\/04\/Acao_judicial-24x24.jpg 24w, https:\/\/sinprfsp.org.br\/wp-content\/uploads\/2026\/04\/Acao_judicial-48x48.jpg 48w, https:\/\/sinprfsp.org.br\/wp-content\/uploads\/2026\/04\/Acao_judicial-96x96.jpg 96w, https:\/\/sinprfsp.org.br\/wp-content\/uploads\/2026\/04\/Acao_judicial-150x150.jpg 150w, https:\/\/sinprfsp.org.br\/wp-content\/uploads\/2026\/04\/Acao_judicial-300x300.jpg 300w\" sizes=\"(max-width: 600px) 100vw, 600px\" \/><\/div>\n\t\t<\/a>\n\t\t\t\t<div class=\"elementor-post__text\">\n\t\t\t\t<h3 class=\"elementor-post__title\">\n\t\t\t<a href=\"https:\/\/sinprfsp.org.br\/index.php\/2026\/04\/09\/plano-de-saude-atuacao-da-fenaprf-e-sindicatos-busca-manter-dependentes-e-evitar-cobrancas-indevidas\/\" >\n\t\t\t\tPlano de sa\u00fade: atua\u00e7\u00e3o da FenaPRF e sindicatos busca manter dependentes e evitar cobran\u00e7as indevidas\t\t\t<\/a>\n\t\t<\/h3>\n\t\t\t\t<div class=\"elementor-post__meta-data\">\n\t\t\t\t\t<span class=\"elementor-post-date\">\n\t\t\t9 de abril de 2026\t\t<\/span>\n\t\t\t\t<\/div>\n\t\t\t\t<div class=\"elementor-post__excerpt\">\n\t\t\t<p>A FenaPRF e sindicatos filiados ajuizaram a\u00e7\u00e3o coletiva para garantir a manuten\u00e7\u00e3o de pais, m\u00e3es, padrastos e madrastas como dependentes no plano de sa\u00fade administrado<\/p>\n\t\t<\/div>\n\t\t\t\t<\/div>\n\t\t\t\t<\/article>\n\t\t\t\t<article class=\"elementor-post elementor-grid-item post-19835 post type-post status-publish format-standard has-post-thumbnail hentry category-noticias-em-destaque\">\n\t\t\t\t<a class=\"elementor-post__thumbnail__link\" href=\"https:\/\/sinprfsp.org.br\/index.php\/2026\/04\/08\/contas-do-sinprf-sp-sao-aprovadas-em-assembleia-geral-ordinaria-3\/\" >\n\t\t\t<div class=\"elementor-post__thumbnail\"><img loading=\"lazy\" decoding=\"async\" width=\"600\" height=\"600\" src=\"https:\/\/sinprfsp.org.br\/wp-content\/uploads\/2026\/04\/AGO_07_abril_2026_-600x600.jpg\" class=\"attachment-medium size-medium wp-image-19836\" alt=\"\" srcset=\"https:\/\/sinprfsp.org.br\/wp-content\/uploads\/2026\/04\/AGO_07_abril_2026_-600x600.jpg 600w, https:\/\/sinprfsp.org.br\/wp-content\/uploads\/2026\/04\/AGO_07_abril_2026_-180x180.jpg 180w, https:\/\/sinprfsp.org.br\/wp-content\/uploads\/2026\/04\/AGO_07_abril_2026_-24x24.jpg 24w, https:\/\/sinprfsp.org.br\/wp-content\/uploads\/2026\/04\/AGO_07_abril_2026_-48x48.jpg 48w, https:\/\/sinprfsp.org.br\/wp-content\/uploads\/2026\/04\/AGO_07_abril_2026_-96x96.jpg 96w, https:\/\/sinprfsp.org.br\/wp-content\/uploads\/2026\/04\/AGO_07_abril_2026_-150x150.jpg 150w, https:\/\/sinprfsp.org.br\/wp-content\/uploads\/2026\/04\/AGO_07_abril_2026_-300x300.jpg 300w\" sizes=\"(max-width: 600px) 100vw, 600px\" \/><\/div>\n\t\t<\/a>\n\t\t\t\t<div class=\"elementor-post__text\">\n\t\t\t\t<h3 class=\"elementor-post__title\">\n\t\t\t<a href=\"https:\/\/sinprfsp.org.br\/index.php\/2026\/04\/08\/contas-do-sinprf-sp-sao-aprovadas-em-assembleia-geral-ordinaria-3\/\" >\n\t\t\t\tContas do SINPRF-SP s\u00e3o aprovadas em Assembleia Geral Ordin\u00e1ria\t\t\t<\/a>\n\t\t<\/h3>\n\t\t\t\t<div class=\"elementor-post__meta-data\">\n\t\t\t\t\t<span class=\"elementor-post-date\">\n\t\t\t8 de abril de 2026\t\t<\/span>\n\t\t\t\t<\/div>\n\t\t\t\t<div class=\"elementor-post__excerpt\">\n\t\t\t<p>O Sindicato dos Policiais Rodovi\u00e1rios Federais no Estado de S\u00e3o Paulo (SINPRF-SP) realizou, nesta ter\u00e7a-feira, (07) Assembleia Geral Ordin\u00e1ria (AGO) para aprecia\u00e7\u00e3o e delibera\u00e7\u00e3o sobre<\/p>\n\t\t<\/div>\n\t\t\t\t<\/div>\n\t\t\t\t<\/article>\n\t\t\t\t<article class=\"elementor-post elementor-grid-item post-19833 post type-post status-publish format-standard has-post-thumbnail hentry category-noticias-em-destaque\">\n\t\t\t\t<a class=\"elementor-post__thumbnail__link\" href=\"https:\/\/sinprfsp.org.br\/index.php\/2026\/04\/07\/nota-de-falecimento-prf-aposentado-antonio-vicente-da-silva\/\" >\n\t\t\t<div class=\"elementor-post__thumbnail\"><img loading=\"lazy\" decoding=\"async\" width=\"600\" height=\"600\" src=\"https:\/\/sinprfsp.org.br\/wp-content\/uploads\/2025\/10\/Falecimento-600x600.jpg\" class=\"attachment-medium size-medium wp-image-19615\" alt=\"\" srcset=\"https:\/\/sinprfsp.org.br\/wp-content\/uploads\/2025\/10\/Falecimento-600x600.jpg 600w, https:\/\/sinprfsp.org.br\/wp-content\/uploads\/2025\/10\/Falecimento-1024x1024.jpg 1024w, https:\/\/sinprfsp.org.br\/wp-content\/uploads\/2025\/10\/Falecimento-180x180.jpg 180w, https:\/\/sinprfsp.org.br\/wp-content\/uploads\/2025\/10\/Falecimento-768x768.jpg 768w, https:\/\/sinprfsp.org.br\/wp-content\/uploads\/2025\/10\/Falecimento-24x24.jpg 24w, https:\/\/sinprfsp.org.br\/wp-content\/uploads\/2025\/10\/Falecimento-48x48.jpg 48w, https:\/\/sinprfsp.org.br\/wp-content\/uploads\/2025\/10\/Falecimento-96x96.jpg 96w, https:\/\/sinprfsp.org.br\/wp-content\/uploads\/2025\/10\/Falecimento-150x150.jpg 150w, https:\/\/sinprfsp.org.br\/wp-content\/uploads\/2025\/10\/Falecimento-300x300.jpg 300w, https:\/\/sinprfsp.org.br\/wp-content\/uploads\/2025\/10\/Falecimento.jpg 1080w\" sizes=\"(max-width: 600px) 100vw, 600px\" \/><\/div>\n\t\t<\/a>\n\t\t\t\t<div class=\"elementor-post__text\">\n\t\t\t\t<h3 class=\"elementor-post__title\">\n\t\t\t<a href=\"https:\/\/sinprfsp.org.br\/index.php\/2026\/04\/07\/nota-de-falecimento-prf-aposentado-antonio-vicente-da-silva\/\" >\n\t\t\t\tNota de falecimento \u2013 PRF aposentado Ant\u00f4nio Vicente da Silva\t\t\t<\/a>\n\t\t<\/h3>\n\t\t\t\t<div class=\"elementor-post__meta-data\">\n\t\t\t\t\t<span class=\"elementor-post-date\">\n\t\t\t7 de abril de 2026\t\t<\/span>\n\t\t\t\t<\/div>\n\t\t\t\t<div class=\"elementor-post__excerpt\">\n\t\t\t<p>\u00c9 com imenso pesar que a Diretoria do Sindicato dos Policiais Rodovi\u00e1rios Federais no Estado de S\u00e3o Paulo (SINPRF-SP) comunica o falecimento do&nbsp;Policial Rodovi\u00e1rio Federal<\/p>\n\t\t<\/div>\n\t\t\t\t<\/div>\n\t\t\t\t<\/article>\n\t\t\t\t<article class=\"elementor-post elementor-grid-item post-19831 post type-post status-publish format-standard has-post-thumbnail hentry category-noticias-em-destaque\">\n\t\t\t\t<a class=\"elementor-post__thumbnail__link\" href=\"https:\/\/sinprfsp.org.br\/index.php\/2026\/04\/06\/nota-de-falecimento-joao-augusto-calzado-gomes\/\" >\n\t\t\t<div class=\"elementor-post__thumbnail\"><img loading=\"lazy\" decoding=\"async\" width=\"600\" height=\"600\" src=\"https:\/\/sinprfsp.org.br\/wp-content\/uploads\/2025\/10\/Falecimento-600x600.jpg\" class=\"attachment-medium size-medium wp-image-19615\" alt=\"\" srcset=\"https:\/\/sinprfsp.org.br\/wp-content\/uploads\/2025\/10\/Falecimento-600x600.jpg 600w, https:\/\/sinprfsp.org.br\/wp-content\/uploads\/2025\/10\/Falecimento-1024x1024.jpg 1024w, https:\/\/sinprfsp.org.br\/wp-content\/uploads\/2025\/10\/Falecimento-180x180.jpg 180w, https:\/\/sinprfsp.org.br\/wp-content\/uploads\/2025\/10\/Falecimento-768x768.jpg 768w, https:\/\/sinprfsp.org.br\/wp-content\/uploads\/2025\/10\/Falecimento-24x24.jpg 24w, https:\/\/sinprfsp.org.br\/wp-content\/uploads\/2025\/10\/Falecimento-48x48.jpg 48w, https:\/\/sinprfsp.org.br\/wp-content\/uploads\/2025\/10\/Falecimento-96x96.jpg 96w, https:\/\/sinprfsp.org.br\/wp-content\/uploads\/2025\/10\/Falecimento-150x150.jpg 150w, https:\/\/sinprfsp.org.br\/wp-content\/uploads\/2025\/10\/Falecimento-300x300.jpg 300w, https:\/\/sinprfsp.org.br\/wp-content\/uploads\/2025\/10\/Falecimento.jpg 1080w\" sizes=\"(max-width: 600px) 100vw, 600px\" \/><\/div>\n\t\t<\/a>\n\t\t\t\t<div class=\"elementor-post__text\">\n\t\t\t\t<h3 class=\"elementor-post__title\">\n\t\t\t<a href=\"https:\/\/sinprfsp.org.br\/index.php\/2026\/04\/06\/nota-de-falecimento-joao-augusto-calzado-gomes\/\" >\n\t\t\t\tNota de falecimento &#8211; Jo\u00e3o Augusto Calzado Gomes\t\t\t<\/a>\n\t\t<\/h3>\n\t\t\t\t<div class=\"elementor-post__meta-data\">\n\t\t\t\t\t<span class=\"elementor-post-date\">\n\t\t\t6 de abril de 2026\t\t<\/span>\n\t\t\t\t<\/div>\n\t\t\t\t<div class=\"elementor-post__excerpt\">\n\t\t\t<p>\u00c9 com imenso pesar que a Diretoria do Sindicato dos Policiais Rodovi\u00e1rios Federais no Estado de S\u00e3o Paulo (SINPRF-SP) comunica o falecimento do&nbsp;senhor Jo\u00e3o Augusto<\/p>\n\t\t<\/div>\n\t\t\t\t<\/div>\n\t\t\t\t<\/article>\n\t\t\t\t<\/div>\n\t\t\t\t<nav class=\"elementor-pagination\" role=\"navigation\" aria-label=\"Pagination\">\n\t\t\t<span class=\"page-numbers prev\">&laquo; Anterior<\/span>\n<span aria-current=\"page\" class=\"page-numbers current\"><span class=\"elementor-screen-only\">Page<\/span>1<\/span>\n<a class=\"page-numbers\" href=\"https:\/\/sinprfsp.org.br\/index.php\/wp-json\/wp\/v2\/pages\/1397\/page\/2\/\"><span class=\"elementor-screen-only\">Page<\/span>2<\/a>\n<a class=\"page-numbers\" href=\"https:\/\/sinprfsp.org.br\/index.php\/wp-json\/wp\/v2\/pages\/1397\/page\/3\/\"><span class=\"elementor-screen-only\">Page<\/span>3<\/a>\n<span class=\"page-numbers dots\">&hellip;<\/span>\n<a class=\"page-numbers\" href=\"https:\/\/sinprfsp.org.br\/index.php\/wp-json\/wp\/v2\/pages\/1397\/page\/224\/\"><span class=\"elementor-screen-only\">Page<\/span>224<\/a>\n<a class=\"page-numbers next\" href=\"https:\/\/sinprfsp.org.br\/index.php\/wp-json\/wp\/v2\/pages\/1397\/page\/2\/\">Pr\u00f3xima &raquo;<\/a>\t\t<\/nav>\n\t\t\t\t\t\t<\/div>\n\t\t\t\t<\/div>\n\t\t\t\t\t<\/div>\n\t\t<\/div>\n\t\t\t\t<div class=\"elementor-column elementor-col-50 elementor-top-column elementor-element elementor-element-ad6edbf top column-style-top\" data-id=\"ad6edbf\" data-element_type=\"column\">\n\t\t\t<div class=\"elementor-widget-wrap elementor-element-populated\">\n\t\t\t\t\t\t<div class=\"elementor-element elementor-element-9bb9ada wp-sidebar elementor-widget elementor-widget-sidebar\" data-id=\"9bb9ada\" data-element_type=\"widget\" data-widget_type=\"sidebar.default\">\n\t\t\t\t<div class=\"elementor-widget-container\">\n\t\t\t\t\t<aside id=\"categories-1\" class=\"widget clearfix widget_categories\"><h3 class=\"widget-title\"><span>Categoria<\/span><\/h3>\n\t\t\t<ul>\n\t\t\t\t\t<li class=\"cat-item cat-item-5\"><a href=\"https:\/\/sinprfsp.org.br\/index.php\/category\/administrativo\/\">Administrativo<\/a> <span class=\"count\">(45)<\/span>\n<\/li>\n\t<li class=\"cat-item cat-item-44\"><a href=\"https:\/\/sinprfsp.org.br\/index.php\/category\/associados\/\">Associados<\/a> <span class=\"count\">(5)<\/span>\n<\/li>\n\t<li class=\"cat-item cat-item-46\"><a href=\"https:\/\/sinprfsp.org.br\/index.php\/category\/juridico\/\">Jur\u00eddico<\/a> <span class=\"count\">(14)<\/span>\n<\/li>\n\t<li class=\"cat-item cat-item-2\"><a href=\"https:\/\/sinprfsp.org.br\/index.php\/category\/midia\/\">M\u00eddia<\/a> <span class=\"count\">(1)<\/span>\n<\/li>\n\t<li class=\"cat-item cat-item-41\"><a href=\"https:\/\/sinprfsp.org.br\/index.php\/category\/noticias-em-destaque\/\">Not\u00edcias em Destaque<\/a> <span class=\"count\">(1.003)<\/span>\n<\/li>\n\t<li class=\"cat-item cat-item-1\"><a href=\"https:\/\/sinprfsp.org.br\/index.php\/category\/noticias-gerais\/\">Not\u00edcias Gerais<\/a> <span class=\"count\">(288)<\/span>\n<\/li>\n\t\t\t<\/ul>\n\n\t\t\t<\/aside>\n\t\t<aside id=\"recent-posts-1\" class=\"widget clearfix widget_recent_entries\">\n\t\t<h3 class=\"widget-title\"><span>Posts Recentes<\/span><\/h3>\n\t\t<ul>\n\t\t\t\t\t\t\t\t\t\t\t<li>\n\t\t\t\t\t<a href=\"https:\/\/sinprfsp.org.br\/index.php\/2026\/04\/17\/comunicado-feriado-de-tiradentes\/\">Comunicado &#8211; Feriado de Tiradentes<\/a>\n\t\t\t\t\t\t\t\t\t<\/li>\n\t\t\t\t\t\t\t\t\t\t\t<li>\n\t\t\t\t\t<a href=\"https:\/\/sinprfsp.org.br\/index.php\/2026\/04\/15\/fenaprf-disponibiliza-formulario-para-ajuizamento-de-acoes-cumprimento-de-sentenca-referente-a-correcao-monetaria-de-exercicios-anteriores\/\">FenaPRF disponibiliza formul\u00e1rio para ajuizamento de a\u00e7\u00f5es cumprimento de senten\u00e7a referente \u00e0 Corre\u00e7\u00e3o Monet\u00e1ria de Exerc\u00edcios Anteriores<\/a>\n\t\t\t\t\t\t\t\t\t<\/li>\n\t\t\t\t\t\t\t\t\t\t\t<li>\n\t\t\t\t\t<a href=\"https:\/\/sinprfsp.org.br\/index.php\/2026\/04\/09\/plano-de-saude-atuacao-da-fenaprf-e-sindicatos-busca-manter-dependentes-e-evitar-cobrancas-indevidas\/\">Plano de sa\u00fade: atua\u00e7\u00e3o da FenaPRF e sindicatos busca manter dependentes e evitar cobran\u00e7as indevidas<\/a>\n\t\t\t\t\t\t\t\t\t<\/li>\n\t\t\t\t\t\t\t\t\t\t\t<li>\n\t\t\t\t\t<a href=\"https:\/\/sinprfsp.org.br\/index.php\/2026\/04\/08\/contas-do-sinprf-sp-sao-aprovadas-em-assembleia-geral-ordinaria-3\/\">Contas do SINPRF-SP s\u00e3o aprovadas em Assembleia Geral Ordin\u00e1ria<\/a>\n\t\t\t\t\t\t\t\t\t<\/li>\n\t\t\t\t\t\t\t\t\t\t\t<li>\n\t\t\t\t\t<a href=\"https:\/\/sinprfsp.org.br\/index.php\/2026\/04\/07\/nota-de-falecimento-prf-aposentado-antonio-vicente-da-silva\/\">Nota de falecimento \u2013 PRF aposentado Ant\u00f4nio Vicente da Silva<\/a>\n\t\t\t\t\t\t\t\t\t<\/li>\n\t\t\t\t\t<\/ul>\n\n\t\t<\/aside>\t\t\t\t<\/div>\n\t\t\t\t<\/div>\n\t\t\t\t\t<\/div>\n\t\t<\/div>\n\t\t\t\t\t<\/div>\n\t\t<\/section>\n\t\t\t\t<\/div>\n\t\t","protected":false},"excerpt":{"rendered":"","protected":false},"author":3,"featured_media":0,"parent":0,"menu_order":0,"comment_status":"closed","ping_status":"closed","template":"","meta":{"footnotes":""},"class_list":["post-1397","page","type-page","status-publish","hentry"],"_links":{"self":[{"href":"https:\/\/sinprfsp.org.br\/index.php\/wp-json\/wp\/v2\/pages\/1397","targetHints":{"allow":["GET"]}}],"collection":[{"href":"https:\/\/sinprfsp.org.br\/index.php\/wp-json\/wp\/v2\/pages"}],"about":[{"href":"https:\/\/sinprfsp.org.br\/index.php\/wp-json\/wp\/v2\/types\/page"}],"author":[{"embeddable":true,"href":"https:\/\/sinprfsp.org.br\/index.php\/wp-json\/wp\/v2\/users\/3"}],"replies":[{"embeddable":true,"href":"https:\/\/sinprfsp.org.br\/index.php\/wp-json\/wp\/v2\/comments?post=1397"}],"version-history":[{"count":28,"href":"https:\/\/sinprfsp.org.br\/index.php\/wp-json\/wp\/v2\/pages\/1397\/revisions"}],"predecessor-version":[{"id":17030,"href":"https:\/\/sinprfsp.org.br\/index.php\/wp-json\/wp\/v2\/pages\/1397\/revisions\/17030"}],"wp:attachment":[{"href":"https:\/\/sinprfsp.org.br\/index.php\/wp-json\/wp\/v2\/media?parent=1397"}],"curies":[{"name":"wp","href":"https:\/\/api.w.org\/{rel}","templated":true}]}}