{"id":15305,"date":"2021-10-30T12:42:00","date_gmt":"2021-10-30T15:42:00","guid":{"rendered":"https:\/\/mjtom.com.br\/site1\/?page_id=15305"},"modified":"2022-03-08T15:21:25","modified_gmt":"2022-03-08T18:21:25","slug":"fenaclube","status":"publish","type":"page","link":"https:\/\/sinprfsp.org.br\/index.php\/fenaclube\/","title":{"rendered":"Fenaclube"},"content":{"rendered":"<!-- Added by Post\/Page Specific Custom Code plugin, thank you for using! -->\n<style>\/* .custom-breadcrumb .breadcrumb-container-inner .heading-title {\r\ndisplay:none;\r\n} *\/<\/style>\n\t\t<div data-elementor-type=\"wp-page\" data-elementor-id=\"15305\" class=\"elementor elementor-15305\">\n\t\t\t\t\t\t<section class=\"elementor-section elementor-top-section elementor-element elementor-element-9bd4c2d elementor-section-boxed elementor-section-height-default elementor-section-height-default\" data-id=\"9bd4c2d\" data-element_type=\"section\">\n\t\t\t\t\t\t<div class=\"elementor-container elementor-column-gap-default\">\n\t\t\t\t\t<div class=\"elementor-column elementor-col-100 elementor-top-column elementor-element elementor-element-f68ef79 top column-style-top\" data-id=\"f68ef79\" data-element_type=\"column\">\n\t\t\t<div class=\"elementor-widget-wrap elementor-element-populated\">\n\t\t\t\t\t\t<div class=\"elementor-element elementor-element-3ad6e0a elementor-widget elementor-widget-text-editor\" data-id=\"3ad6e0a\" data-element_type=\"widget\" data-widget_type=\"text-editor.default\">\n\t\t\t\t<div class=\"elementor-widget-container\">\n\t\t\t\t\t\t\t\t\t<p><span data-contrast=\"auto\">Resultado da parceria da\u00a0FenaPRF\u00a0e dos\u00a0SinPRFs, o\u00a0FenaClube\u00a0oferece aos filiados descontos e benef\u00edcios em mais de 500 empresas cadastradas, distribu\u00eddas em mais de 6 mil pontos comerciais em todo o Brasil e em alguns outros pa\u00edses.<\/span><span data-ccp-props=\"{&quot;134233117&quot;:true,&quot;134233118&quot;:true,&quot;201341983&quot;:0,&quot;335551550&quot;:6,&quot;335551620&quot;:6,&quot;335559740&quot;:240}\">\u00a0<\/span><\/p><p><span data-contrast=\"auto\">As vantagens e descontos abrangem redes hoteleiras, passagens a\u00e9reas, escolas, cursos de idiomas, autom\u00f3veis, im\u00f3veis, rem\u00e9dios, eletrodom\u00e9sticos e muito mais!<\/span><span data-ccp-props=\"{&quot;134233117&quot;:true,&quot;134233118&quot;:true,&quot;201341983&quot;:0,&quot;335551550&quot;:6,&quot;335551620&quot;:6,&quot;335559740&quot;:240}\">\u00a0<\/span><\/p><p><span data-contrast=\"auto\">Al\u00e9m da rede de parceiros j\u00e1 credenciada, o\u202f<\/span><a href=\"https:\/\/fenaclube.com.br\/\"><b><span data-contrast=\"auto\">FenaClube<\/span><\/b><\/a><span data-contrast=\"auto\">\u202ftraz a\u00a0oportunidade de\u00a0cada\u00a0usu\u00e1rio do clube indicar novos potenciais parceiros para serem conveniados e passarem a oferecer descontos e benef\u00edcios aos\u00a0PRFs.<\/span><\/p><p><span data-contrast=\"auto\">Ative j\u00e1 o seu cadastro, clicando\u202f<\/span><strong><a href=\"https:\/\/fenaclube.com.br\/login\">aqui <\/a><\/strong><span data-contrast=\"auto\">e aproveite um mundo de benef\u00edcios!<\/span><\/p>\t\t\t\t\t\t\t\t<\/div>\n\t\t\t\t<\/div>\n\t\t\t\t\t<\/div>\n\t\t<\/div>\n\t\t\t\t\t<\/div>\n\t\t<\/section>\n\t\t\t\t<section class=\"elementor-section elementor-top-section elementor-element elementor-element-5c77677 elementor-section-boxed elementor-section-height-default elementor-section-height-default\" data-id=\"5c77677\" data-element_type=\"section\">\n\t\t\t\t\t\t<div class=\"elementor-container elementor-column-gap-default\">\n\t\t\t\t\t<div class=\"elementor-column elementor-col-50 elementor-top-column elementor-element elementor-element-7d82416 top column-style-top\" data-id=\"7d82416\" data-element_type=\"column\">\n\t\t\t<div class=\"elementor-widget-wrap elementor-element-populated\">\n\t\t\t\t\t\t<div class=\"elementor-element elementor-element-26630a0 elementor-widget elementor-widget-image\" data-id=\"26630a0\" data-element_type=\"widget\" data-widget_type=\"image.default\">\n\t\t\t\t<div class=\"elementor-widget-container\">\n\t\t\t\t\t\t\t\t\t\t\t\t\t\t\t<img fetchpriority=\"high\" decoding=\"async\" width=\"400\" height=\"400\" src=\"https:\/\/sinprfsp.org.br\/wp-content\/uploads\/2021\/12\/BANNER-SITE-400x400-02.jpg\" class=\"attachment-large size-large wp-image-16279\" alt=\"\" srcset=\"https:\/\/sinprfsp.org.br\/wp-content\/uploads\/2021\/12\/BANNER-SITE-400x400-02.jpg 400w, https:\/\/sinprfsp.org.br\/wp-content\/uploads\/2021\/12\/BANNER-SITE-400x400-02-180x180.jpg 180w, https:\/\/sinprfsp.org.br\/wp-content\/uploads\/2021\/12\/BANNER-SITE-400x400-02-24x24.jpg 24w, https:\/\/sinprfsp.org.br\/wp-content\/uploads\/2021\/12\/BANNER-SITE-400x400-02-48x48.jpg 48w, https:\/\/sinprfsp.org.br\/wp-content\/uploads\/2021\/12\/BANNER-SITE-400x400-02-96x96.jpg 96w, https:\/\/sinprfsp.org.br\/wp-content\/uploads\/2021\/12\/BANNER-SITE-400x400-02-150x150.jpg 150w, https:\/\/sinprfsp.org.br\/wp-content\/uploads\/2021\/12\/BANNER-SITE-400x400-02-300x300.jpg 300w\" sizes=\"(max-width: 400px) 100vw, 400px\" \/>\t\t\t\t\t\t\t\t\t\t\t\t\t\t\t<\/div>\n\t\t\t\t<\/div>\n\t\t\t\t\t<\/div>\n\t\t<\/div>\n\t\t\t\t<div class=\"elementor-column elementor-col-50 elementor-top-column elementor-element elementor-element-9825038 top column-style-top\" data-id=\"9825038\" data-element_type=\"column\">\n\t\t\t<div class=\"elementor-widget-wrap elementor-element-populated\">\n\t\t\t\t\t\t<div class=\"elementor-element elementor-element-87b90c7 elementor-widget elementor-widget-text-editor\" data-id=\"87b90c7\" data-element_type=\"widget\" data-widget_type=\"text-editor.default\">\n\t\t\t\t<div class=\"elementor-widget-container\">\n\t\t\t\t\t\t\t\t\t<h5><strong>Servi\u00e7os<\/strong><\/h5>\n<ul>\n \t<li><a href=\"\/index.php\/amfas\/\">AMFAS<\/a><\/li>\n \t<li><a href=\"\/index.php\/assessoria-juridica\/\">Assessoria Jur\u00eddica<\/a><\/li>\n \t<li><a href=\"\/index.php\/atualizacao-cadastral\/\">Atualiza\u00e7\u00e3o Cadastral<\/a><\/li>\n \t<li><a href=\"\/index.php\/parcerias\/\">Parcerias<\/a><\/li>\n \t<li><a href=\"\/index.php\/registro-de-armas\/\">Registro de Armas<\/a><\/li>\n<\/ul>\t\t\t\t\t\t\t\t<\/div>\n\t\t\t\t<\/div>\n\t\t\t\t<div class=\"elementor-element elementor-element-567ed89 elementor-widget elementor-widget-text-editor\" data-id=\"567ed89\" data-element_type=\"widget\" data-widget_type=\"text-editor.default\">\n\t\t\t\t<div class=\"elementor-widget-container\">\n\t\t\t\t\t\t\t\t\t<p>Mais informa\u00e7\u00f5es<\/p><p>podem ser obtidas<\/p><p>na secretaria do SinPRF-SP<\/p><p>TEL: (11) 2631-9600<\/p>\t\t\t\t\t\t\t\t<\/div>\n\t\t\t\t<\/div>\n\t\t\t\t\t<\/div>\n\t\t<\/div>\n\t\t\t\t\t<\/div>\n\t\t<\/section>\n\t\t\t\t<\/div>\n\t\t","protected":false},"excerpt":{"rendered":"<p>Resultado da parceria da\u00a0FenaPRF\u00a0e dos\u00a0SinPRFs, o\u00a0FenaClube\u00a0oferece aos filiados descontos e benef\u00edcios em mais de 500 empresas cadastradas, distribu\u00eddas em mais de 6 mil pontos comerciais em todo o Brasil e em alguns outros pa\u00edses.\u00a0 As vantagens e descontos abrangem redes hoteleiras, passagens a\u00e9reas, escolas, cursos de idiomas, autom\u00f3veis, im\u00f3veis, rem\u00e9dios, eletrodom\u00e9sticos e muito mais!\u00a0 Al\u00e9m [&hellip;]<\/p>\n","protected":false},"author":3,"featured_media":0,"parent":0,"menu_order":0,"comment_status":"closed","ping_status":"closed","template":"","meta":{"footnotes":""},"class_list":["post-15305","page","type-page","status-publish","hentry"],"_links":{"self":[{"href":"https:\/\/sinprfsp.org.br\/index.php\/wp-json\/wp\/v2\/pages\/15305","targetHints":{"allow":["GET"]}}],"collection":[{"href":"https:\/\/sinprfsp.org.br\/index.php\/wp-json\/wp\/v2\/pages"}],"about":[{"href":"https:\/\/sinprfsp.org.br\/index.php\/wp-json\/wp\/v2\/types\/page"}],"author":[{"embeddable":true,"href":"https:\/\/sinprfsp.org.br\/index.php\/wp-json\/wp\/v2\/users\/3"}],"replies":[{"embeddable":true,"href":"https:\/\/sinprfsp.org.br\/index.php\/wp-json\/wp\/v2\/comments?post=15305"}],"version-history":[{"count":22,"href":"https:\/\/sinprfsp.org.br\/index.php\/wp-json\/wp\/v2\/pages\/15305\/revisions"}],"predecessor-version":[{"id":16895,"href":"https:\/\/sinprfsp.org.br\/index.php\/wp-json\/wp\/v2\/pages\/15305\/revisions\/16895"}],"wp:attachment":[{"href":"https:\/\/sinprfsp.org.br\/index.php\/wp-json\/wp\/v2\/media?parent=15305"}],"curies":[{"name":"wp","href":"https:\/\/api.w.org\/{rel}","templated":true}]}}