{"id":16241,"date":"2021-12-08T07:57:31","date_gmt":"2021-12-08T10:57:31","guid":{"rendered":"https:\/\/mjtom.com.br\/site1\/?page_id=16241"},"modified":"2021-12-08T07:58:28","modified_gmt":"2021-12-08T10:58:28","slug":"politica-de-privacidade","status":"publish","type":"page","link":"https:\/\/sinprfsp.org.br\/index.php\/politica-de-privacidade\/","title":{"rendered":"Pol\u00edtica de Privacidade"},"content":{"rendered":"\n<p>No site do SINPRF-SP (Sindicato dos Policiais Rodovi\u00e1rios Federais no Estado de S\u00e3o Paulo),&nbsp;privacidade e seguran\u00e7a s\u00e3o prioridades e nos comprometemos com a transpar\u00eancia do tratamento de dados pessoais dos nossos&nbsp;usu\u00e1rios\/sindicalizados. Por isso,&nbsp;esta&nbsp;presente Pol\u00edtica de Privacidade estabelece como \u00e9 feita a coleta, uso e transfer\u00eancia de informa\u00e7\u00f5es de&nbsp;nossos usu\u00e1rios\/sindicalizados&nbsp;ou outras pessoas que acessam ou usam nosso site.&nbsp;<\/p>\n\n\n\n<p>Ao utilizar nossos servi\u00e7os, voc\u00ea entende que coletaremos e usaremos suas informa\u00e7\u00f5es pessoais nas formas descritas nesta Pol\u00edtica, sob as normas de Prote\u00e7\u00e3o de Dados (LGPD, Lei Federal 13.709\/2018), das disposi\u00e7\u00f5es consumeristas da Lei Federal 8078\/1990 e as demais normas do ordenamento jur\u00eddico brasileiro aplic\u00e1veis.&nbsp;<\/p>\n\n\n\n<p>Dessa forma,&nbsp;o Sindicato dos Policiais Rodovi\u00e1rios Federais no Estado de S\u00e3o Paulo&nbsp;doravante denominada simplesmente como&nbsp;\u201cSINPRF-SP\u201d, inscrito&nbsp;no CNPJ\/MF sob o n\u00ba\u202f<em>68.317.338\/0001-05,&nbsp;<\/em>no papel de Controlador de Dados, obriga-se ao disposto na presente Pol\u00edtica de Privacidade.&nbsp;<\/p>\n\n\n\n<p><strong>1. Quais dados coletamos sobre voc\u00ea e para qual finalidade?<\/strong>&nbsp;<\/p>\n\n\n\n<p>Nosso site coleta e utiliza alguns dados pessoais seus, de forma a viabilizar a presta\u00e7\u00e3o de servi\u00e7os e aprimorar a experi\u00eancia de uso.&nbsp;<\/p>\n\n\n\n<p><strong>1.1. Dados pessoais fornecidos pelo titular<\/strong>&nbsp;<\/p>\n\n\n\n<p>Nome, matricula e localiza\u00e7\u00e3o:&nbsp;necess\u00e1rios para comprovar a identidade do sindicalizado para seu ingresso na \u00e1rea restrita do site, trazendo assim mais seguran\u00e7a para toda a categoria.&nbsp;<\/p>\n\n\n\n<p><strong>1.2. Dados pessoais coletados automaticamente<\/strong>&nbsp;<\/p>\n\n\n\n<p><strong><em>Nome, matr\u00edcula, senha e e-mail do usu\u00e1rio<\/em><\/strong><em>&nbsp;\u2013 com a finalidade de comprova\u00e7\u00e3o da identidade do sindicalizado para acesso \u00e0 \u00e1rea restrita do site.<\/em>&nbsp;<\/p>\n\n\n\n<p><strong>2. Como coletamos os seus dados?<\/strong>&nbsp;<\/p>\n\n\n\n<p>Nesse sentido, a coleta dos seus dados pessoais ocorre&nbsp;no momento do seu cadastro para acesso \u00e0 \u00e1rea restrita do site.&nbsp;<\/p>\n\n\n\n<p><strong>2.1. Consentimento<\/strong>&nbsp;<\/p>\n\n\n\n<p>\u00c9 a partir do seu consentimento que tratamos os seus dados pessoais. O consentimento \u00e9 a manifesta\u00e7\u00e3o livre, informada e inequ\u00edvoca pela qual voc\u00ea autoriza&nbsp;o SINPRF-SP\u202fa tratar seus dados.&nbsp;<\/p>\n\n\n\n<p>Assim, em conson\u00e2ncia com a Lei Geral de Prote\u00e7\u00e3o de Dados, seus dados s\u00f3 ser\u00e3o coletados, tratados e armazenados mediante pr\u00e9vio e expresso consentimento.\u202f&nbsp;<\/p>\n\n\n\n<p>O seu consentimento ser\u00e1 obtido de forma espec\u00edfica para cada finalidade acima descrita, evidenciando o compromisso de transpar\u00eancia e boa-f\u00e9&nbsp;do SINPRF-SP&nbsp;para com seus usu\u00e1rios\/sindicalizados, seguindo as regula\u00e7\u00f5es legislativas pertinentes.&nbsp;<\/p>\n\n\n\n<p>Ao utilizar os servi\u00e7os do SINPRF-SP&nbsp;e fornecer seus dados pessoais, voc\u00ea est\u00e1 ciente e consentindo com as disposi\u00e7\u00f5es desta Pol\u00edtica de Privacidade, al\u00e9m de conhecer seus direitos e como exerc\u00ea-los.&nbsp;<\/p>\n\n\n\n<p>A qualquer tempo e sem nenhum custo, voc\u00ea poder\u00e1 revogar seu consentimento.&nbsp;<\/p>\n\n\n\n<p>\u00c9 importante destacar que a revoga\u00e7\u00e3o do consentimento para o tratamento dos dados pode implicar a impossibilidade da performance adequada de alguma funcionalidade do site que dependa da opera\u00e7\u00e3o. Tais consequ\u00eancias ser\u00e3o informadas previamente.&nbsp;<\/p>\n\n\n\n<p><strong>3. Quais s\u00e3o os seus direitos?<\/strong>&nbsp;<\/p>\n\n\n\n<p>O SINPRF-SP\u202fassegura a seus usu\u00e1rios\/sindicalizados&nbsp;seus direitos de titular previstos no artigo 18 da Lei Geral de Prote\u00e7\u00e3o de Dados. Dessa forma, voc\u00ea pode, de maneira gratuita e a qualquer tempo:&nbsp;<\/p>\n\n\n\n<p><strong>Confirmar a exist\u00eancia de tratamento de dados<\/strong>, de maneira simplificada ou em formato claro e completo.&nbsp;<\/p>\n\n\n\n<p><strong>Acessar seus dados<\/strong>, podendo solicit\u00e1-los em uma c\u00f3pia leg\u00edvel sob forma impressa ou por meio eletr\u00f4nico, seguro e id\u00f4neo.&nbsp;<\/p>\n\n\n\n<p><strong>Corrigir seus dados<\/strong>, ao solicitar a edi\u00e7\u00e3o, corre\u00e7\u00e3o ou atualiza\u00e7\u00e3o destes.&nbsp;<\/p>\n\n\n\n<p><strong>Limitar seus dados<\/strong>\u202fquando desnecess\u00e1rios, excessivos ou tratados em desconformidade com a legisla\u00e7\u00e3o atrav\u00e9s da anonimiza\u00e7\u00e3o, bloqueio ou elimina\u00e7\u00e3o.&nbsp;<\/p>\n\n\n\n<p><strong>Solicitar a portabilidade de seus dados<\/strong>, atrav\u00e9s de um relat\u00f3rio de dados cadastrais que&nbsp;o SINPRF-SP&nbsp;trata a seu respeito.&nbsp;<\/p>\n\n\n\n<p><strong>Eliminar seus dados<\/strong>\u202ftratados a partir de seu consentimento, exceto nos casos previstos em lei.&nbsp;<\/p>\n\n\n\n<p><strong>Revogar seu consentimento<\/strong>, desautorizando o tratamento de seus dados.&nbsp;<\/p>\n\n\n\n<p><strong>Informar-se sobre a possibilidade de n\u00e3o fornecer seu consentimento<\/strong>\u202fe sobre as consequ\u00eancias da negativa.&nbsp;<\/p>\n\n\n\n<p><strong>4. Como voc\u00ea pode exercer seus direitos de titular?<\/strong>&nbsp;<\/p>\n\n\n\n<p>Para exercer seus direitos de titular, voc\u00ea deve entrar em contato com&nbsp;o SINPRF-SP, por meio do&nbsp;e-mail:&nbsp;sinprfsp@sinprfsp.org.br.&nbsp;<\/p>\n\n\n\n<p>De forma a garantir a sua correta identifica\u00e7\u00e3o como titular dos dados pessoais objeto da solicita\u00e7\u00e3o, \u00e9 poss\u00edvel que solicitemos&nbsp;informa\u00e7\u00f5es&nbsp;que possam comprovar sua identidade. Nessa hip\u00f3tese, voc\u00ea ser\u00e1 informado previamente.&nbsp;<\/p>\n\n\n\n<p><strong>5. Como e por quanto tempo seus dados ser\u00e3o armazenados?<\/strong>&nbsp;<\/p>\n\n\n\n<p>Seus dados pessoais coletados pelo SINPRF-SP&nbsp;ser\u00e3o utilizados e armazenados durante o tempo necess\u00e1rio para a presta\u00e7\u00e3o do servi\u00e7o ou para que as finalidades elencadas na presente Pol\u00edtica de Privacidade sejam atingidas, considerando os direitos dos titulares dos dados e dos controladores.&nbsp;<\/p>\n\n\n\n<p>De modo geral, seus dados ser\u00e3o mantidos enquanto a rela\u00e7\u00e3o&nbsp;contratual&nbsp;entre voc\u00ea e&nbsp;o\u202f<em>SINPRF-SP<\/em>\u202fperdurar. Findado o per\u00edodo de armazenamento dos dados pessoais, estes ser\u00e3o exclu\u00eddos de nossas bases de dados ou anonimizados, ressalvadas as hip\u00f3teses legalmente previstas no artigo 16&nbsp;da Lei Geral de&nbsp;Prote\u00e7\u00e3o de&nbsp;Dados, a saber:&nbsp;<\/p>\n\n\n\n<p>I \u2013&nbsp;cumprimento&nbsp;de obriga\u00e7\u00e3o legal ou regulat\u00f3ria pelo controlador;&nbsp;<\/p>\n\n\n\n<p>II&nbsp;\u2013&nbsp;uso&nbsp;exclusivo do controlador, vedado seu acesso por terceiro, e desde que anonimizados os dados.&nbsp;<\/p>\n\n\n\n<p>Isto \u00e9, informa\u00e7\u00f5es pessoais sobre voc\u00ea que sejam imprescind\u00edveis para o cumprimento de determina\u00e7\u00f5es legais, judiciais e administrativas e\/ou para o exerc\u00edcio do direito de defesa em processos judiciais e administrativos ser\u00e3o mantidas, a despeito da exclus\u00e3o dos demais dados.\u202f&nbsp;<\/p>\n\n\n\n<p>O armazenamento de dados coletados&nbsp;pelo SINPRF-SP&nbsp;reflete o nosso compromisso com a seguran\u00e7a e privacidade dos seus dados. Empregamos medidas e solu\u00e7\u00f5es t\u00e9cnicas de prote\u00e7\u00e3o aptas a garantir a confidencialidade, integridade e inviolabilidade dos seus dados. Al\u00e9m disso, tamb\u00e9m contamos com medidas de seguran\u00e7a apropriadas aos riscos e com controle de acesso \u00e0s informa\u00e7\u00f5es armazenadas.&nbsp;<\/p>\n\n\n\n<p><strong>6. O que fazemos para manter seus dados seguros?<\/strong>&nbsp;<\/p>\n\n\n\n<p>Para mantermos suas informa\u00e7\u00f5es pessoais seguras, usamos ferramentas f\u00edsicas, eletr\u00f4nicas e gerenciais orientadas para a prote\u00e7\u00e3o da sua privacidade.&nbsp;<\/p>\n\n\n\n<p>Aplicamos essas ferramentas levando em considera\u00e7\u00e3o a natureza dos dados pessoais coletados, o contexto e a finalidade do tratamento e os riscos que eventuais viola\u00e7\u00f5es gerariam para os direitos e liberdades do titular dos dados coletados e tratados.&nbsp;<\/p>\n\n\n\n<p>Entre as medidas que adotamos, destacamos as seguintes:&nbsp;<\/p>\n\n\n\n<p>*&nbsp;Apenas pessoas autorizadas t\u00eam acesso a seus dados pessoais.&nbsp;<\/p>\n\n\n\n<p>*&nbsp;Seus dados pessoais s\u00e3o armazenados em ambiente seguro e id\u00f4neo.&nbsp;<\/p>\n\n\n\n<p>O SINPRF-SP\u202fse compromete a adotar as melhores posturas para evitar incidentes de seguran\u00e7a. Contudo, \u00e9 necess\u00e1rio destacar que nenhuma p\u00e1gina virtual \u00e9 inteiramente segura e livre de riscos. \u00c9 poss\u00edvel que, apesar de todos os nossos protocolos de seguran\u00e7a, problemas de culpa exclusivamente de terceiros ocorram, como ataques cibern\u00e9ticos de\u202f<em>hackers<\/em>, ou tamb\u00e9m em decorr\u00eancia da neglig\u00eancia ou imprud\u00eancia do pr\u00f3prio usu\u00e1rio\/sindicalizado.&nbsp;<\/p>\n\n\n\n<p>Em caso de incidentes de seguran\u00e7a que possa gerar risco ou dano relevante para voc\u00ea ou qualquer um de nossos usu\u00e1rios\/sindicalizados, comunicaremos aos afetados e a Autoridade Nacional de Prote\u00e7\u00e3o de Dados sobre o ocorrido, em conson\u00e2ncia com as disposi\u00e7\u00f5es da Lei Geral de Prote\u00e7\u00e3o de Dados.&nbsp;<\/p>\n\n\n\n<p><strong>7.&nbsp;Seus&nbsp;dados podem ser compartilhados?<\/strong>&nbsp;<\/p>\n\n\n\n<p>Tendo em vista a preserva\u00e7\u00e3o de sua privacidade,&nbsp;o SINPRF-SP\u202fn\u00e3o compartilhar\u00e1 seus dados pessoais com nenhum terceiro n\u00e3o autorizado.\u202f&nbsp;<\/p>\n\n\n\n<p>Vale destacar que existem outras hip\u00f3teses em que seus dados poder\u00e3o ser compartilhados, que s\u00e3o:&nbsp;<\/p>\n\n\n\n<p>I \u2013 Determina\u00e7\u00e3o legal, requerimento, requisi\u00e7\u00e3o ou ordem judicial, com autoridades judiciais, administrativas ou governamentais competentes.&nbsp;<\/p>\n\n\n\n<p>II \u2013 Prote\u00e7\u00e3o dos direitos&nbsp;do SINPRF-SP\u202fem qualquer tipo de conflito, inclusive os de teor judicial.&nbsp;<\/p>\n\n\n\n<p>Ao concordar com essa Pol\u00edtica de Privacidade, voc\u00ea concorda com esse compartilhamento, que se dar\u00e1 conforme as finalidades descritas no presente instrumento.&nbsp;<\/p>\n\n\n\n<p><strong>8. Cookies ou dados de navega\u00e7\u00e3o<\/strong>&nbsp;<\/p>\n\n\n\n<p>O SINPRF-SP\u202ffaz uso de Cookies, que s\u00e3o arquivos de texto enviados pela plataforma ao seu computador e que nele se armazenam, que cont\u00e9m informa\u00e7\u00f5es relacionadas \u00e0 navega\u00e7\u00e3o do site. Em suma, os Cookies s\u00e3o utilizados para aprimorar a experi\u00eancia de uso.&nbsp;<\/p>\n\n\n\n<p>Ao acessar nosso site e consentir com o uso de Cookies, voc\u00ea manifesta conhecer e aceitar a utiliza\u00e7\u00e3o de um sistema de coleta de dados de navega\u00e7\u00e3o com o uso de Cookies em seu dispositivo.&nbsp;<\/p>\n\n\n\n<p><em>O SINPRF-SP&nbsp;utiliza os seguintes Cookies:&nbsp;<\/em><strong><em>de sess\u00e3o<\/em><\/strong><em>&nbsp;e&nbsp;<\/em><strong><em>permanentes<\/em><\/strong><em>.<\/em>&nbsp;<\/p>\n\n\n\n<p>Voc\u00ea pode, a qualquer tempo e sem nenhum custo, alterar as permiss\u00f5es, bloquear ou recusar os Cookies. Todavia, a revoga\u00e7\u00e3o do consentimento de determinados Cookies pode inviabilizar o funcionamento correto de alguns recursos da plataforma.&nbsp;<\/p>\n\n\n\n<p>Para gerenciar os cookies do seu navegador, basta faz\u00ea-lo diretamente nas configura\u00e7\u00f5es do navegador, na \u00e1rea de gest\u00e3o de Cookies.&nbsp;&nbsp;<\/p>\n\n\n\n<p>Voc\u00ea pode ter mais&nbsp;informa\u00e7\u00f5es sobre os Cookies que utilizamos e como eles funcionam na nossa Pol\u00edtica de Cookies, dispon\u00edvel neste link\u202f<strong><em>(link para a Pol\u00edtica de Cookies&nbsp;\u2013 outro arquivo que&nbsp;tb&nbsp;segue para aprova\u00e7\u00e3o&nbsp;e que&nbsp;ser\u00e1 gerado link pela Strauss, dentro do pr\u00f3prio site)<\/em><\/strong><strong>.<\/strong>&nbsp;<\/p>\n\n\n\n<p><strong>9. Altera\u00e7\u00e3o desta Pol\u00edtica de Privacidade<\/strong>&nbsp;<\/p>\n\n\n\n<p>A atual vers\u00e3o da Pol\u00edtica de Privacidade foi formulada e atualizada pela \u00faltima vez em&nbsp;setembro de 2021.&nbsp;<\/p>\n\n\n\n<p>Reservamos o direito de modificar essa Pol\u00edtica de Privacidade a qualquer tempo, principalmente em fun\u00e7\u00e3o da adequa\u00e7\u00e3o a eventuais altera\u00e7\u00f5es feitas em nosso site ou em \u00e2mbito legislativo. Recomendamos que voc\u00ea a revise com frequ\u00eancia.&nbsp;<\/p>\n\n\n\n<p>Eventuais altera\u00e7\u00f5es entrar\u00e3o em vigor a partir de sua publica\u00e7\u00e3o em nosso site e sempre lhe notificaremos acerca das mudan\u00e7as ocorridas.&nbsp;<\/p>\n\n\n\n<p>Ao utilizar nossos servi\u00e7os e fornecer seus dados pessoais ap\u00f3s tais modifica\u00e7\u00f5es, voc\u00ea as consente.\u202f&nbsp;<\/p>\n\n\n\n<p><strong>10. Responsabilidade<\/strong>&nbsp;<\/p>\n\n\n\n<p>O SINPRF-SP<em>\u202f<\/em>prev\u00ea a responsabilidade dos agentes que atuam nos processos de tratamento de dados, em conformidade com os artigos 42 ao 45 da Lei Geral de Prote\u00e7\u00e3o de Dados.&nbsp;<\/p>\n\n\n\n<p>Nos comprometemos em manter esta Pol\u00edtica de Privacidade atualizada, observando suas disposi\u00e7\u00f5es e zelando por seu cumprimento.&nbsp;<\/p>\n\n\n\n<p>Al\u00e9m disso, tamb\u00e9m assumimos o compromisso de buscar condi\u00e7\u00f5es t\u00e9cnicas e organizativas seguramente aptas a proteger todo o processo de tratamento de dados.&nbsp;<\/p>\n\n\n\n<p>Caso a Autoridade Nacional de Prote\u00e7\u00e3o de Dados exija a ado\u00e7\u00e3o de provid\u00eancias em rela\u00e7\u00e3o ao tratamento de dados realizado&nbsp;pelo SINPRF-SP<em>\u202f<\/em>comprometemo-nos a segui-las.\u202f&nbsp;<\/p>\n\n\n\n<p><strong>10.1&nbsp;&#8211;&nbsp;Isen\u00e7\u00e3o&nbsp;de responsabilidade<\/strong>&nbsp;<\/p>\n\n\n\n<p>Conforme mencionado no T\u00f3pico 6, embora adotemos elevados padr\u00f5es de seguran\u00e7a a fim de evitar incidentes, n\u00e3o h\u00e1 nenhuma p\u00e1gina virtual inteiramente livre de riscos. Nesse sentido,&nbsp;o SINPRF-SP\u202fn\u00e3o se responsabiliza por:&nbsp;<\/p>\n\n\n\n<p>I \u2013 Quaisquer consequ\u00eancias decorrentes da neglig\u00eancia, imprud\u00eancia ou imper\u00edcia dos usu\u00e1rios em rela\u00e7\u00e3o a seus dados individuais. Garantimos e nos responsabilizamos apenas pela seguran\u00e7a dos processos de tratamento de dados e do cumprimento das finalidades descritas no presente instrumento.&nbsp;<\/p>\n\n\n\n<p>Destacamos que a responsabilidade em rela\u00e7\u00e3o \u00e0 confidencialidade dos dados de acesso \u00e9 do usu\u00e1rio.&nbsp;<\/p>\n\n\n\n<p>II \u2013 A\u00e7\u00f5es maliciosas de terceiros, como ataques de\u202f<em>hackers<\/em>, exceto se comprovada conduta culposa ou deliberada do SINPRF-SP.&nbsp;<\/p>\n\n\n\n<p>Destacamos que em caso de incidentes de seguran\u00e7a que possam gerar risco ou dano relevante para voc\u00ea ou qualquer um de nossos usu\u00e1rios\/sindicalizados, comunicaremos aos afetados e a Autoridade Nacional de Prote\u00e7\u00e3o de Dados sobre o ocorrido e cumpriremos as provid\u00eancias necess\u00e1rias.&nbsp;<\/p>\n\n\n\n<p>III \u2013 Inveracidade das informa\u00e7\u00f5es inseridas pelo usu\u00e1rio\/sindicalizado&nbsp;nos registros necess\u00e1rios para a utiliza\u00e7\u00e3o dos servi\u00e7os&nbsp;do SINPRF-SP; quaisquer consequ\u00eancias decorrentes de informa\u00e7\u00f5es falsas ou inseridas de m\u00e1-f\u00e9 s\u00e3o de&nbsp;responsabilidade do usu\u00e1rio\/sindicalizado.&nbsp;<\/p>\n\n\n\n<p><strong>11. Encarregado de Prote\u00e7\u00e3o de Dados<\/strong>&nbsp;<\/p>\n\n\n\n<p>O SINPRF-SP\u202fdisponibiliza o seguinte&nbsp;e-mail&nbsp;para que voc\u00ea possa entrar em contato conosco para exercer seus direitos de titular:\u202f<em>sinprfsp@sinprfsp.org.br.<\/em>&nbsp;<\/p>\n\n\n\n<p>Caso tenha d\u00favidas sobre esta Pol\u00edtica de Privacidade ou sobre os dados pessoais que tratamos, voc\u00ea pode entrar em contato com o nosso Encarregado de Prote\u00e7\u00e3o de Dados Pessoais, atrav\u00e9s dos seguintes canais:&nbsp;<\/p>\n\n\n\n<p>sinprfsp@sinprfsp.org.br.&nbsp;<\/p>\n\n\n\n<p><\/p>\n\n\n\n<p>O\u202f<strong>Modelo de Pol\u00edtica de Cookies<\/strong>\u202fa seguir foi elaborado de acordo com as boas pr\u00e1ticas, nacionais e internacionais, de tratamento e prote\u00e7\u00e3o de dados pessoais, bem como de acordo com as disposi\u00e7\u00f5es da\u202f<strong>Lei Geral de Prote\u00e7\u00e3o de Dados Pessoais (LGPD)<\/strong>.&nbsp;<\/p>\n\n\n\n<p><strong>Pol\u00edtica de Cookies<\/strong>&nbsp;<\/p>\n\n\n\n<p>A presente Pol\u00edtica de Cookies \u00e9 um documento complementar \u00e0 Pol\u00edtica de Privacidade do Sindicato dos Policiais Rodovi\u00e1rios Federais no Estado de S\u00e3o Paulo (SINPRF-SP),&nbsp;dispon\u00edvel neste link:&nbsp;<strong>(<\/strong><strong><em>link da pol\u00edtica de privacidade).\u202f<\/em><\/strong>Aqui, voc\u00ea encontrar\u00e1 informa\u00e7\u00f5es objetivas e claras sobre o que s\u00e3o Cookies, quais Cookies utilizamos em nossas aplica\u00e7\u00f5es, qual papel desempenham e como configur\u00e1-los.&nbsp;<\/p>\n\n\n\n<p><strong>1. O que s\u00e3o Cookies?<\/strong>&nbsp;<\/p>\n\n\n\n<p>Cookies s\u00e3o pequenos arquivos de texto ou fragmentos de informa\u00e7\u00e3o que s\u00e3o baixados em seu computador, smartphone ou qualquer outro dispositivo com acesso \u00e0 internet quando voc\u00ea visita nossa aplica\u00e7\u00e3o.&nbsp;<\/p>\n\n\n\n<p>Eles cont\u00eam informa\u00e7\u00f5es sobre a sua navega\u00e7\u00e3o em nossas p\u00e1ginas e ret\u00eam apenas informa\u00e7\u00f5es relacionadas&nbsp;\u00e0s&nbsp;suas prefer\u00eancias.\u202f&nbsp;<\/p>\n\n\n\n<p>Assim, essa p\u00e1gina consegue armazenar e recuperar os dados sobre os seus h\u00e1bitos de navega\u00e7\u00e3o, de forma a melhorar a experi\u00eancia de uso, por exemplo. \u00c9 importante frisar que eles n\u00e3o cont\u00eam informa\u00e7\u00f5es pessoais espec\u00edficas, como dados sens\u00edveis ou banc\u00e1rios.&nbsp;<\/p>\n\n\n\n<p>O seu navegador armazena os cookies no disco r\u00edgido, mas ocupam um espa\u00e7o de mem\u00f3ria m\u00ednimo, que n\u00e3o afetam o desempenho do seu computador. A maioria das informa\u00e7\u00f5es s\u00e3o apagadas logo ao encerrar a sess\u00e3o, como voc\u00ea ver\u00e1 no pr\u00f3ximo t\u00f3pico.&nbsp;<\/p>\n\n\n\n<p><strong>1.1. Tipos de Cookies<\/strong>&nbsp;<\/p>\n\n\n\n<p>Os cookies, quanto a seus propriet\u00e1rios, podem ser:&nbsp;<\/p>\n\n\n\n<p><strong>Cookies propriet\u00e1rios:\u202f<\/strong>s\u00e3o cookies definidos por n\u00f3s ou por terceiros em nosso nome.&nbsp;<\/p>\n\n\n\n<p><strong>Cookies de terceiros:\u202f<\/strong>s\u00e3o cookies definidos por terceiros confi\u00e1veis em nossa aplica\u00e7\u00e3o.&nbsp;<\/p>\n\n\n\n<p>Os cookies, quanto ao seu tempo de vida, podem ser:&nbsp;<\/p>\n\n\n\n<p><strong>Cookies de sess\u00e3o ou tempor\u00e1rios:\u202f<\/strong>s\u00e3o cookies que expiram assim que voc\u00ea fecha o seu navegador, encerrando a sess\u00e3o.&nbsp;<\/p>\n\n\n\n<p><strong>Cookies persistentes ou permanentes:\u202f<\/strong>s\u00e3o cookies que permanecem no seu dispositivo durante um per\u00edodo determinado ou at\u00e9 que voc\u00ea os exclua.&nbsp;<\/p>\n\n\n\n<p>Os cookies, quanto a sua finalidade, podem ser:&nbsp;<\/p>\n\n\n\n<p><strong>Cookies necess\u00e1rios:\u202f<\/strong>s\u00e3o cookies essenciais que possibilitam a navega\u00e7\u00e3o em nossas aplica\u00e7\u00f5es e o acesso a todos os recursos; sem&nbsp;estes, nossos servi\u00e7os podem apresentar mal desempenho ou n\u00e3o funcionar.&nbsp;<\/p>\n\n\n\n<p><strong>Cookies de desempenho:\u202f<\/strong>s\u00e3o cookies que otimizam a forma que nossas aplica\u00e7\u00f5es funcionam, coletando informa\u00e7\u00f5es an\u00f4nimas sobre as p\u00e1ginas acessadas.&nbsp;<\/p>\n\n\n\n<p><strong>Cookies de funcionalidade:\u202f<\/strong>s\u00e3o cookies que memorizam suas prefer\u00eancias e escolhas (como seu nome de usu\u00e1rio).&nbsp;<\/p>\n\n\n\n<p><strong>Cookies de publicidade:\u202f<\/strong>s\u00e3o cookies que direcionam an\u00fancios em fun\u00e7\u00e3o dos seus interesses e limitam a quantidade de vezes que o an\u00fancio aparece.&nbsp;<\/p>\n\n\n\n<p><strong>2. Que tipo de Cookies utilizamos?\u202f<\/strong>&nbsp;<\/p>\n\n\n\n<p>Abaixo listamos os Cookies utilizados&nbsp;pelo SINPRF-SP<em>.&nbsp;<\/em>\u00c9 importante lembrar que voc\u00ea pode gerenciar a permiss\u00e3o concedida para cada Cookie em seu navegador.&nbsp;<\/p>\n\n\n\n<p><strong>2.1 \u2013<\/strong>&nbsp;<strong>Cookies de sess\u00e3o<\/strong>&nbsp;\u2013&nbsp;s\u00e3o&nbsp;respons\u00e1veis por permitir&nbsp;o login dos sindicalizados na \u00e1rea restrita, reconhecendo o usu\u00e1rio que est\u00e1 acessando a \u00e1rea.&nbsp;Por meio deles,&nbsp;o servidor ir\u00e1 coletar o nome, matr\u00edcula, senha e e-mail do usu\u00e1rio.&nbsp;Os&nbsp;dados ser\u00e3o coletados por meio do cadastro do sindicalizado na plataforma.&nbsp;<\/p>\n\n\n\n<p><strong>2.2 &#8211; Cookies permanentes<\/strong>&nbsp;\u2013&nbsp;s\u00e3o respons\u00e1veis por&nbsp;lembrar&nbsp;suas configura\u00e7\u00f5es preferidas quando voc\u00ea revisitar o site.&nbsp;Estes cookies&nbsp;ficam armazenados no seu computador durante o per\u00edodo de vida definido para ele, sendo&nbsp;exclu\u00eddos apenas ao final de um per\u00edodo de tempo especificado.&nbsp;&nbsp;<\/p>\n\n\n\n<p>Al\u00e9m disso, uma vez que os Cookies capturam dados sobre voc\u00ea, aconselhamos a leitura de nossa Pol\u00edtica de Privacidade, dispon\u00edvel neste link&nbsp;<strong>(<\/strong><strong><em>link da pol\u00edtica de privacidade<\/em><\/strong><strong>).<\/strong>&nbsp;<\/p>\n\n\n\n<p><strong>3. Gerenciamento dos Cookies<\/strong>&nbsp;<\/p>\n\n\n\n<p>A instala\u00e7\u00e3o dos cookies est\u00e1 sujeita ao seu consentimento. Apesar da maioria dos navegadores estar inicialmente configurada para aceitar cookies de forma autom\u00e1tica, voc\u00ea pode rever suas permiss\u00f5es a qualquer tempo, de forma a bloque\u00e1-los, aceit\u00e1-los ou ativar notifica\u00e7\u00f5es para quando alguns cookies forem enviados ao seu dispositivo.\u202f&nbsp;<\/p>\n\n\n\n<p>Atualmente, na primeira vez que voc\u00ea acessa nossas aplica\u00e7\u00f5es, ser\u00e1 requerida a sua concord\u00e2ncia com a instala\u00e7\u00e3o destes. Apenas ap\u00f3s a sua aceita\u00e7\u00e3o eles ser\u00e3o ativados.&nbsp;<\/p>\n\n\n\n<p>Para tanto, utilizamos um sistema de&nbsp;aviso por meio dos pop-ups.&nbsp;Dessa maneira, n\u00e3o apenas solicitamos sua concord\u00e2ncia, mas tamb\u00e9m informamos que a navega\u00e7\u00e3o continuada em nossos sites ser\u00e1 entendida como consentimento.\u202f&nbsp;<\/p>\n\n\n\n<p>Como j\u00e1 dito, voc\u00ea pode, a qualquer tempo e sem nenhum custo, alterar as permiss\u00f5es, bloquear ou recusar os Cookies. Voc\u00ea tamb\u00e9m pode configur\u00e1-los caso a caso. Todavia, a revoga\u00e7\u00e3o do consentimento de determinados Cookies pode inviabilizar o funcionamento correto de alguns recursos da plataforma.&nbsp;<\/p>\n\n\n\n<p>Para gerenciar os cookies do seu navegador, basta faz\u00ea-lo diretamente nas configura\u00e7\u00f5es do navegador, na \u00e1rea de gest\u00e3o de Cookies.&nbsp;<\/p>\n\n\n\n<p><strong>5. Disposi\u00e7\u00f5es finais<\/strong>&nbsp;<\/p>\n\n\n\n<p>Para&nbsp;o SINPRF-SP&nbsp;a privacidade e confian\u00e7a s\u00e3o fundamentais para a nossa rela\u00e7\u00e3o com voc\u00ea. Estamos sempre nos atualizando para manter os mais altos padr\u00f5es de seguran\u00e7a.&nbsp;<\/p>\n\n\n\n<p>Assim, reservamo-nos o direito de alterar esta Pol\u00edtica de Cookies a qualquer tempo. As mudan\u00e7as entrar\u00e3o em vigor logo ap\u00f3s a publica\u00e7\u00e3o, e voc\u00ea ser\u00e1 avisado.&nbsp;<\/p>\n\n\n\n<p>Ao continuar a navega\u00e7\u00e3o nas nossas aplica\u00e7\u00f5es ap\u00f3s essa mudan\u00e7a se tornar eficaz, voc\u00ea concorda com elas. Aconselhamos que voc\u00ea sempre verifique esta Pol\u00edtica, bem como a nossa Pol\u00edtica de Privacidade.&nbsp;<\/p>\n\n\n\n<p>Em caso de d\u00favidas sobre esta Pol\u00edtica de Cookies, entre em contato&nbsp;com a empresa respons\u00e1vel, pelo e-mail:&nbsp;&nbsp;<a href=\"mailto:strausscomunicacao@gmail.com\" target=\"_blank\" rel=\"noreferrer noopener\">strausscomunicacao@gmail.com<\/a>.&nbsp;<\/p>\n\n\n\n<p>Esta Pol\u00edtica de Cookies foi atualizada pela \u00faltima vez:&nbsp;23\/09\/2021.<\/p>\n","protected":false},"excerpt":{"rendered":"<p>No site do SINPRF-SP (Sindicato dos Policiais Rodovi\u00e1rios Federais no Estado de S\u00e3o Paulo),&nbsp;privacidade e seguran\u00e7a s\u00e3o prioridades e nos comprometemos com a transpar\u00eancia do tratamento de dados pessoais dos nossos&nbsp;usu\u00e1rios\/sindicalizados. Por isso,&nbsp;esta&nbsp;presente Pol\u00edtica de Privacidade estabelece como \u00e9 feita a coleta, uso e transfer\u00eancia de informa\u00e7\u00f5es de&nbsp;nossos usu\u00e1rios\/sindicalizados&nbsp;ou outras pessoas que acessam ou usam [&hellip;]<\/p>\n","protected":false},"author":3,"featured_media":0,"parent":0,"menu_order":0,"comment_status":"closed","ping_status":"closed","template":"","meta":{"footnotes":""},"class_list":["post-16241","page","type-page","status-publish","hentry"],"_links":{"self":[{"href":"https:\/\/sinprfsp.org.br\/index.php\/wp-json\/wp\/v2\/pages\/16241","targetHints":{"allow":["GET"]}}],"collection":[{"href":"https:\/\/sinprfsp.org.br\/index.php\/wp-json\/wp\/v2\/pages"}],"about":[{"href":"https:\/\/sinprfsp.org.br\/index.php\/wp-json\/wp\/v2\/types\/page"}],"author":[{"embeddable":true,"href":"https:\/\/sinprfsp.org.br\/index.php\/wp-json\/wp\/v2\/users\/3"}],"replies":[{"embeddable":true,"href":"https:\/\/sinprfsp.org.br\/index.php\/wp-json\/wp\/v2\/comments?post=16241"}],"version-history":[{"count":2,"href":"https:\/\/sinprfsp.org.br\/index.php\/wp-json\/wp\/v2\/pages\/16241\/revisions"}],"predecessor-version":[{"id":16243,"href":"https:\/\/sinprfsp.org.br\/index.php\/wp-json\/wp\/v2\/pages\/16241\/revisions\/16243"}],"wp:attachment":[{"href":"https:\/\/sinprfsp.org.br\/index.php\/wp-json\/wp\/v2\/media?parent=16241"}],"curies":[{"name":"wp","href":"https:\/\/api.w.org\/{rel}","templated":true}]}}