{"id":16339,"date":"2021-12-09T16:42:02","date_gmt":"2021-12-09T19:42:02","guid":{"rendered":"https:\/\/mjtom.com.br\/site1\/?page_id=16339"},"modified":"2021-12-13T20:11:32","modified_gmt":"2021-12-13T23:11:32","slug":"formularios","status":"publish","type":"page","link":"https:\/\/sinprfsp.org.br\/index.php\/formularios\/","title":{"rendered":"Formul\u00e1rios"},"content":{"rendered":"\t\t<div data-elementor-type=\"wp-page\" data-elementor-id=\"16339\" class=\"elementor elementor-16339\">\n\t\t\t\t\t\t<section class=\"elementor-section elementor-top-section elementor-element elementor-element-ae6dc60 elementor-section-boxed elementor-section-height-default elementor-section-height-default\" data-id=\"ae6dc60\" data-element_type=\"section\">\n\t\t\t\t\t\t<div class=\"elementor-container elementor-column-gap-default\">\n\t\t\t\t\t<div class=\"elementor-column elementor-col-100 elementor-top-column elementor-element elementor-element-cc728be top column-style-top\" data-id=\"cc728be\" data-element_type=\"column\">\n\t\t\t<div class=\"elementor-widget-wrap elementor-element-populated\">\n\t\t\t\t\t\t<div class=\"elementor-element elementor-element-fa8963d elementor-widget elementor-widget-heading\" data-id=\"fa8963d\" data-element_type=\"widget\" data-widget_type=\"heading.default\">\n\t\t\t\t<div class=\"elementor-widget-container\">\n\t\t\t\t\t<h5 class=\"elementor-heading-title elementor-size-default\">Baixe os formul\u00e1rios:<\/h5>\t\t\t\t<\/div>\n\t\t\t\t<\/div>\n\t\t\t\t<div class=\"elementor-element elementor-element-3fbcd27 elementor-widget elementor-widget-heading\" data-id=\"3fbcd27\" data-element_type=\"widget\" data-widget_type=\"heading.default\">\n\t\t\t\t<div class=\"elementor-widget-container\">\n\t\t\t\t\t<p class=\"elementor-heading-title elementor-size-default\"><a href=\"https:\/\/mjtom.com.br\/site1\/wp-content\/uploads\/2021\/12\/form-Atualizacao-cadastral-de-aposentados-e-pensionistas.pdf\">Atualizacao cadastral de aposentados e pensionistas<\/a><\/p>\t\t\t\t<\/div>\n\t\t\t\t<\/div>\n\t\t\t\t<div class=\"elementor-element elementor-element-43ed72c elementor-widget elementor-widget-heading\" data-id=\"43ed72c\" data-element_type=\"widget\" data-widget_type=\"heading.default\">\n\t\t\t\t<div class=\"elementor-widget-container\">\n\t\t\t\t\t<p class=\"elementor-heading-title elementor-size-default\"><a href=\"https:\/\/mjtom.com.br\/site1\/wp-content\/uploads\/2021\/12\/form-Requerimento-Alteracao-de-dados-bancario.pdf\">Requerimento altera\u00e7\u00e3o de dados banc\u00e1rios<\/a><\/p>\t\t\t\t<\/div>\n\t\t\t\t<\/div>\n\t\t\t\t<div class=\"elementor-element elementor-element-17e399f elementor-widget elementor-widget-heading\" data-id=\"17e399f\" data-element_type=\"widget\" data-widget_type=\"heading.default\">\n\t\t\t\t<div class=\"elementor-widget-container\">\n\t\t\t\t\t<p class=\"elementor-heading-title elementor-size-default\"><a href=\"https:\/\/mjtom.com.br\/site1\/wp-content\/uploads\/2021\/12\/form-Requerimento-de-2a-via-de-identidade-funcional.pdf\">Requerimento de 2\u00aa via de identidade funcional<\/a><\/p>\t\t\t\t<\/div>\n\t\t\t\t<\/div>\n\t\t\t\t<div class=\"elementor-element elementor-element-61d57a1 elementor-widget elementor-widget-heading\" data-id=\"61d57a1\" data-element_type=\"widget\" data-widget_type=\"heading.default\">\n\t\t\t\t<div class=\"elementor-widget-container\">\n\t\t\t\t\t<p class=\"elementor-heading-title elementor-size-default\"><a href=\"https:\/\/mjtom.com.br\/site1\/wp-content\/uploads\/2021\/12\/form-Requerimento-de-alteracao-de-endereco.pdf\">Requerimento de altera\u00e7\u00e3o de endere\u00e7o<\/a><\/p>\t\t\t\t<\/div>\n\t\t\t\t<\/div>\n\t\t\t\t<div class=\"elementor-element elementor-element-89510da elementor-widget elementor-widget-heading\" data-id=\"89510da\" data-element_type=\"widget\" data-widget_type=\"heading.default\">\n\t\t\t\t<div class=\"elementor-widget-container\">\n\t\t\t\t\t<p class=\"elementor-heading-title elementor-size-default\"><a href=\"https:\/\/mjtom.com.br\/site1\/wp-content\/uploads\/2021\/12\/form-Requerimento-de-auxilio-funeral.pdf\">Requerimento de aux\u00edlio-funeral<\/a><\/p>\t\t\t\t<\/div>\n\t\t\t\t<\/div>\n\t\t\t\t<div class=\"elementor-element elementor-element-ebde648 elementor-widget elementor-widget-heading\" data-id=\"ebde648\" data-element_type=\"widget\" data-widget_type=\"heading.default\">\n\t\t\t\t<div class=\"elementor-widget-container\">\n\t\t\t\t\t<p class=\"elementor-heading-title elementor-size-default\"><a href=\"https:\/\/mjtom.com.br\/site1\/wp-content\/uploads\/2021\/12\/form-Requerimento-de-consignacao-de-pensao-alimenticia-voluntaria.pdf\">Requerimento de consigna\u00e7\u00e3o de pens\u00e3o aliment\u00edcia volunt\u00e1ria<\/a><\/p>\t\t\t\t<\/div>\n\t\t\t\t<\/div>\n\t\t\t\t<div class=\"elementor-element elementor-element-dcebe9c elementor-widget elementor-widget-heading\" data-id=\"dcebe9c\" data-element_type=\"widget\" data-widget_type=\"heading.default\">\n\t\t\t\t<div class=\"elementor-widget-container\">\n\t\t\t\t\t<p class=\"elementor-heading-title elementor-size-default\"><a href=\"https:\/\/mjtom.com.br\/site1\/wp-content\/uploads\/2021\/12\/form-Requerimento-de-isencao-de-imposto-de-renda.pdf\">Requerimento de isen\u00e7\u00e3o de imposto de renda<\/a><\/p>\t\t\t\t<\/div>\n\t\t\t\t<\/div>\n\t\t\t\t<div class=\"elementor-element elementor-element-6104e6f elementor-widget elementor-widget-heading\" data-id=\"6104e6f\" data-element_type=\"widget\" data-widget_type=\"heading.default\">\n\t\t\t\t<div class=\"elementor-widget-container\">\n\t\t\t\t\t<p class=\"elementor-heading-title elementor-size-default\"><a href=\"https:\/\/mjtom.com.br\/site1\/wp-content\/uploads\/2021\/12\/form-Requerimento-de-pensao-civil.pdf\">Requerimento de pens\u00e3o civil<\/a><\/p>\t\t\t\t<\/div>\n\t\t\t\t<\/div>\n\t\t\t\t<div class=\"elementor-element elementor-element-8007868 elementor-widget elementor-widget-heading\" data-id=\"8007868\" data-element_type=\"widget\" data-widget_type=\"heading.default\">\n\t\t\t\t<div class=\"elementor-widget-container\">\n\t\t\t\t\t<p class=\"elementor-heading-title elementor-size-default\"><a href=\"https:\/\/mjtom.com.br\/site1\/wp-content\/uploads\/2021\/12\/form-Requerimento-de-ressarcimento-para-titular-de-plano-de-saude-particular.pdf\">Requerimento de ressarcimento para titular de plano de sa\u00fade particular<\/a><\/p>\t\t\t\t<\/div>\n\t\t\t\t<\/div>\n\t\t\t\t<div class=\"elementor-element elementor-element-e7aeeba elementor-widget elementor-widget-heading\" data-id=\"e7aeeba\" data-element_type=\"widget\" data-widget_type=\"heading.default\">\n\t\t\t\t<div class=\"elementor-widget-container\">\n\t\t\t\t\t<p class=\"elementor-heading-title elementor-size-default\"><a href=\"https:\/\/mjtom.com.br\/site1\/wp-content\/uploads\/2021\/12\/form-Requerimento-geral.pdf\">Requerimento geral<\/a><\/p>\t\t\t\t<\/div>\n\t\t\t\t<\/div>\n\t\t\t\t<div class=\"elementor-element elementor-element-5c179ef elementor-widget elementor-widget-heading\" data-id=\"5c179ef\" data-element_type=\"widget\" data-widget_type=\"heading.default\">\n\t\t\t\t<div class=\"elementor-widget-container\">\n\t\t\t\t\t<p class=\"elementor-heading-title elementor-size-default\"><a href=\"https:\/\/mjtom.com.br\/site1\/wp-content\/uploads\/2021\/12\/form-Termo-de-declaracao-de-uniao-estavel.pdf\">Termo de declara\u00e7\u00e3o de uni\u00e3o est\u00e1vel<\/a><\/p>\t\t\t\t<\/div>\n\t\t\t\t<\/div>\n\t\t\t\t\t<\/div>\n\t\t<\/div>\n\t\t\t\t\t<\/div>\n\t\t<\/section>\n\t\t\t\t<\/div>\n\t\t","protected":false},"excerpt":{"rendered":"<p>Baixe os formul\u00e1rios: Atualizacao cadastral de aposentados e pensionistas Requerimento altera\u00e7\u00e3o de dados banc\u00e1rios Requerimento de 2\u00aa via de identidade funcional Requerimento de altera\u00e7\u00e3o de endere\u00e7o Requerimento de aux\u00edlio-funeral Requerimento de consigna\u00e7\u00e3o de pens\u00e3o aliment\u00edcia volunt\u00e1ria Requerimento de isen\u00e7\u00e3o de imposto de renda Requerimento de pens\u00e3o civil Requerimento de ressarcimento para titular de plano de [&hellip;]<\/p>\n","protected":false},"author":3,"featured_media":0,"parent":0,"menu_order":0,"comment_status":"closed","ping_status":"closed","template":"","meta":{"footnotes":""},"class_list":["post-16339","page","type-page","status-publish","hentry"],"_links":{"self":[{"href":"https:\/\/sinprfsp.org.br\/index.php\/wp-json\/wp\/v2\/pages\/16339","targetHints":{"allow":["GET"]}}],"collection":[{"href":"https:\/\/sinprfsp.org.br\/index.php\/wp-json\/wp\/v2\/pages"}],"about":[{"href":"https:\/\/sinprfsp.org.br\/index.php\/wp-json\/wp\/v2\/types\/page"}],"author":[{"embeddable":true,"href":"https:\/\/sinprfsp.org.br\/index.php\/wp-json\/wp\/v2\/users\/3"}],"replies":[{"embeddable":true,"href":"https:\/\/sinprfsp.org.br\/index.php\/wp-json\/wp\/v2\/comments?post=16339"}],"version-history":[{"count":13,"href":"https:\/\/sinprfsp.org.br\/index.php\/wp-json\/wp\/v2\/pages\/16339\/revisions"}],"predecessor-version":[{"id":16406,"href":"https:\/\/sinprfsp.org.br\/index.php\/wp-json\/wp\/v2\/pages\/16339\/revisions\/16406"}],"wp:attachment":[{"href":"https:\/\/sinprfsp.org.br\/index.php\/wp-json\/wp\/v2\/media?parent=16339"}],"curies":[{"name":"wp","href":"https:\/\/api.w.org\/{rel}","templated":true}]}}