{"id":16654,"date":"2022-01-05T00:15:15","date_gmt":"2022-01-05T03:15:15","guid":{"rendered":"https:\/\/mjtom.com.br\/site1\/?page_id=16654"},"modified":"2022-01-05T00:18:21","modified_gmt":"2022-01-05T03:18:21","slug":"noticias-eventos","status":"publish","type":"page","link":"https:\/\/sinprfsp.org.br\/index.php\/noticias-eventos\/","title":{"rendered":"Eventos"},"content":{"rendered":"\t\t<div data-elementor-type=\"wp-page\" data-elementor-id=\"16654\" class=\"elementor elementor-16654\">\n\t\t\t\t\t\t<section class=\"elementor-section elementor-top-section elementor-element elementor-element-f857e5b elementor-section-boxed elementor-section-height-default elementor-section-height-default\" data-id=\"f857e5b\" data-element_type=\"section\">\n\t\t\t\t\t\t<div class=\"elementor-container elementor-column-gap-default\">\n\t\t\t\t\t<div class=\"elementor-column elementor-col-100 elementor-top-column elementor-element elementor-element-a9c941b top column-style-top\" data-id=\"a9c941b\" data-element_type=\"column\">\n\t\t\t<div class=\"elementor-widget-wrap elementor-element-populated\">\n\t\t\t\t\t\t<div class=\"elementor-element elementor-element-aff84bf elementor-grid-3 elementor-grid-tablet-2 elementor-grid-mobile-1 elementor-posts--thumbnail-top elementor-widget elementor-widget-posts\" data-id=\"aff84bf\" data-element_type=\"widget\" data-settings=\"{&quot;classic_columns&quot;:&quot;3&quot;,&quot;classic_columns_tablet&quot;:&quot;2&quot;,&quot;classic_columns_mobile&quot;:&quot;1&quot;,&quot;classic_row_gap&quot;:{&quot;unit&quot;:&quot;px&quot;,&quot;size&quot;:35,&quot;sizes&quot;:[]}}\" data-widget_type=\"posts.classic\">\n\t\t\t\t<div class=\"elementor-widget-container\">\n\t\t\t\t\t\t\t<div class=\"elementor-posts-container elementor-posts elementor-posts--skin-classic elementor-grid\">\n\t\t\t\t<article class=\"elementor-post elementor-grid-item post-19839 post type-post status-publish format-standard has-post-thumbnail hentry category-noticias-em-destaque\">\n\t\t\t\t<a class=\"elementor-post__thumbnail__link\" href=\"https:\/\/sinprfsp.org.br\/index.php\/2026\/04\/09\/plano-de-saude-atuacao-da-fenaprf-e-sindicatos-busca-manter-dependentes-e-evitar-cobrancas-indevidas\/\" >\n\t\t\t<div class=\"elementor-post__thumbnail\"><img fetchpriority=\"high\" decoding=\"async\" width=\"600\" height=\"600\" src=\"https:\/\/sinprfsp.org.br\/wp-content\/uploads\/2026\/04\/Acao_judicial-600x600.jpg\" class=\"attachment-medium size-medium wp-image-19840\" alt=\"\" srcset=\"https:\/\/sinprfsp.org.br\/wp-content\/uploads\/2026\/04\/Acao_judicial-600x600.jpg 600w, https:\/\/sinprfsp.org.br\/wp-content\/uploads\/2026\/04\/Acao_judicial-180x180.jpg 180w, https:\/\/sinprfsp.org.br\/wp-content\/uploads\/2026\/04\/Acao_judicial-24x24.jpg 24w, https:\/\/sinprfsp.org.br\/wp-content\/uploads\/2026\/04\/Acao_judicial-48x48.jpg 48w, https:\/\/sinprfsp.org.br\/wp-content\/uploads\/2026\/04\/Acao_judicial-96x96.jpg 96w, https:\/\/sinprfsp.org.br\/wp-content\/uploads\/2026\/04\/Acao_judicial-150x150.jpg 150w, https:\/\/sinprfsp.org.br\/wp-content\/uploads\/2026\/04\/Acao_judicial-300x300.jpg 300w\" sizes=\"(max-width: 600px) 100vw, 600px\" \/><\/div>\n\t\t<\/a>\n\t\t\t\t<div class=\"elementor-post__text\">\n\t\t\t\t<h3 class=\"elementor-post__title\">\n\t\t\t<a href=\"https:\/\/sinprfsp.org.br\/index.php\/2026\/04\/09\/plano-de-saude-atuacao-da-fenaprf-e-sindicatos-busca-manter-dependentes-e-evitar-cobrancas-indevidas\/\" >\n\t\t\t\tPlano de sa\u00fade: atua\u00e7\u00e3o da FenaPRF e sindicatos busca manter dependentes e evitar cobran\u00e7as indevidas\t\t\t<\/a>\n\t\t<\/h3>\n\t\t\t\t<div class=\"elementor-post__meta-data\">\n\t\t\t\t\t<span class=\"elementor-post-date\">\n\t\t\t9 de abril de 2026\t\t<\/span>\n\t\t\t\t<\/div>\n\t\t\t\t<div class=\"elementor-post__excerpt\">\n\t\t\t<p>A FenaPRF e sindicatos filiados ajuizaram a\u00e7\u00e3o coletiva para garantir a manuten\u00e7\u00e3o de pais, m\u00e3es, padrastos e madrastas como dependentes no plano de sa\u00fade administrado<\/p>\n\t\t<\/div>\n\t\t\t\t<\/div>\n\t\t\t\t<\/article>\n\t\t\t\t<article class=\"elementor-post elementor-grid-item post-19835 post type-post status-publish format-standard has-post-thumbnail hentry category-noticias-em-destaque\">\n\t\t\t\t<a class=\"elementor-post__thumbnail__link\" href=\"https:\/\/sinprfsp.org.br\/index.php\/2026\/04\/08\/contas-do-sinprf-sp-sao-aprovadas-em-assembleia-geral-ordinaria-3\/\" >\n\t\t\t<div class=\"elementor-post__thumbnail\"><img decoding=\"async\" width=\"600\" height=\"600\" src=\"https:\/\/sinprfsp.org.br\/wp-content\/uploads\/2026\/04\/AGO_07_abril_2026_-600x600.jpg\" class=\"attachment-medium size-medium wp-image-19836\" alt=\"\" srcset=\"https:\/\/sinprfsp.org.br\/wp-content\/uploads\/2026\/04\/AGO_07_abril_2026_-600x600.jpg 600w, https:\/\/sinprfsp.org.br\/wp-content\/uploads\/2026\/04\/AGO_07_abril_2026_-180x180.jpg 180w, https:\/\/sinprfsp.org.br\/wp-content\/uploads\/2026\/04\/AGO_07_abril_2026_-24x24.jpg 24w, https:\/\/sinprfsp.org.br\/wp-content\/uploads\/2026\/04\/AGO_07_abril_2026_-48x48.jpg 48w, https:\/\/sinprfsp.org.br\/wp-content\/uploads\/2026\/04\/AGO_07_abril_2026_-96x96.jpg 96w, https:\/\/sinprfsp.org.br\/wp-content\/uploads\/2026\/04\/AGO_07_abril_2026_-150x150.jpg 150w, https:\/\/sinprfsp.org.br\/wp-content\/uploads\/2026\/04\/AGO_07_abril_2026_-300x300.jpg 300w\" sizes=\"(max-width: 600px) 100vw, 600px\" \/><\/div>\n\t\t<\/a>\n\t\t\t\t<div class=\"elementor-post__text\">\n\t\t\t\t<h3 class=\"elementor-post__title\">\n\t\t\t<a href=\"https:\/\/sinprfsp.org.br\/index.php\/2026\/04\/08\/contas-do-sinprf-sp-sao-aprovadas-em-assembleia-geral-ordinaria-3\/\" >\n\t\t\t\tContas do SINPRF-SP s\u00e3o aprovadas em Assembleia Geral Ordin\u00e1ria\t\t\t<\/a>\n\t\t<\/h3>\n\t\t\t\t<div class=\"elementor-post__meta-data\">\n\t\t\t\t\t<span class=\"elementor-post-date\">\n\t\t\t8 de abril de 2026\t\t<\/span>\n\t\t\t\t<\/div>\n\t\t\t\t<div class=\"elementor-post__excerpt\">\n\t\t\t<p>O Sindicato dos Policiais Rodovi\u00e1rios Federais no Estado de S\u00e3o Paulo (SINPRF-SP) realizou, nesta ter\u00e7a-feira, (07) Assembleia Geral Ordin\u00e1ria (AGO) para aprecia\u00e7\u00e3o e delibera\u00e7\u00e3o sobre<\/p>\n\t\t<\/div>\n\t\t\t\t<\/div>\n\t\t\t\t<\/article>\n\t\t\t\t<article class=\"elementor-post elementor-grid-item post-19833 post type-post status-publish format-standard has-post-thumbnail hentry category-noticias-em-destaque\">\n\t\t\t\t<a class=\"elementor-post__thumbnail__link\" href=\"https:\/\/sinprfsp.org.br\/index.php\/2026\/04\/07\/nota-de-falecimento-prf-aposentado-antonio-vicente-da-silva\/\" >\n\t\t\t<div class=\"elementor-post__thumbnail\"><img decoding=\"async\" width=\"600\" height=\"600\" src=\"https:\/\/sinprfsp.org.br\/wp-content\/uploads\/2025\/10\/Falecimento-600x600.jpg\" class=\"attachment-medium size-medium wp-image-19615\" alt=\"\" srcset=\"https:\/\/sinprfsp.org.br\/wp-content\/uploads\/2025\/10\/Falecimento-600x600.jpg 600w, https:\/\/sinprfsp.org.br\/wp-content\/uploads\/2025\/10\/Falecimento-1024x1024.jpg 1024w, https:\/\/sinprfsp.org.br\/wp-content\/uploads\/2025\/10\/Falecimento-180x180.jpg 180w, https:\/\/sinprfsp.org.br\/wp-content\/uploads\/2025\/10\/Falecimento-768x768.jpg 768w, https:\/\/sinprfsp.org.br\/wp-content\/uploads\/2025\/10\/Falecimento-24x24.jpg 24w, https:\/\/sinprfsp.org.br\/wp-content\/uploads\/2025\/10\/Falecimento-48x48.jpg 48w, https:\/\/sinprfsp.org.br\/wp-content\/uploads\/2025\/10\/Falecimento-96x96.jpg 96w, https:\/\/sinprfsp.org.br\/wp-content\/uploads\/2025\/10\/Falecimento-150x150.jpg 150w, https:\/\/sinprfsp.org.br\/wp-content\/uploads\/2025\/10\/Falecimento-300x300.jpg 300w, https:\/\/sinprfsp.org.br\/wp-content\/uploads\/2025\/10\/Falecimento.jpg 1080w\" sizes=\"(max-width: 600px) 100vw, 600px\" \/><\/div>\n\t\t<\/a>\n\t\t\t\t<div class=\"elementor-post__text\">\n\t\t\t\t<h3 class=\"elementor-post__title\">\n\t\t\t<a href=\"https:\/\/sinprfsp.org.br\/index.php\/2026\/04\/07\/nota-de-falecimento-prf-aposentado-antonio-vicente-da-silva\/\" >\n\t\t\t\tNota de falecimento \u2013 PRF aposentado Ant\u00f4nio Vicente da Silva\t\t\t<\/a>\n\t\t<\/h3>\n\t\t\t\t<div class=\"elementor-post__meta-data\">\n\t\t\t\t\t<span class=\"elementor-post-date\">\n\t\t\t7 de abril de 2026\t\t<\/span>\n\t\t\t\t<\/div>\n\t\t\t\t<div class=\"elementor-post__excerpt\">\n\t\t\t<p>\u00c9 com imenso pesar que a Diretoria do Sindicato dos Policiais Rodovi\u00e1rios Federais no Estado de S\u00e3o Paulo (SINPRF-SP) comunica o falecimento do&nbsp;Policial Rodovi\u00e1rio Federal<\/p>\n\t\t<\/div>\n\t\t\t\t<\/div>\n\t\t\t\t<\/article>\n\t\t\t\t<article class=\"elementor-post elementor-grid-item post-19831 post type-post status-publish format-standard has-post-thumbnail hentry category-noticias-em-destaque\">\n\t\t\t\t<a class=\"elementor-post__thumbnail__link\" href=\"https:\/\/sinprfsp.org.br\/index.php\/2026\/04\/06\/nota-de-falecimento-joao-augusto-calzado-gomes\/\" >\n\t\t\t<div class=\"elementor-post__thumbnail\"><img decoding=\"async\" width=\"600\" height=\"600\" src=\"https:\/\/sinprfsp.org.br\/wp-content\/uploads\/2025\/10\/Falecimento-600x600.jpg\" class=\"attachment-medium size-medium wp-image-19615\" alt=\"\" srcset=\"https:\/\/sinprfsp.org.br\/wp-content\/uploads\/2025\/10\/Falecimento-600x600.jpg 600w, https:\/\/sinprfsp.org.br\/wp-content\/uploads\/2025\/10\/Falecimento-1024x1024.jpg 1024w, https:\/\/sinprfsp.org.br\/wp-content\/uploads\/2025\/10\/Falecimento-180x180.jpg 180w, https:\/\/sinprfsp.org.br\/wp-content\/uploads\/2025\/10\/Falecimento-768x768.jpg 768w, https:\/\/sinprfsp.org.br\/wp-content\/uploads\/2025\/10\/Falecimento-24x24.jpg 24w, https:\/\/sinprfsp.org.br\/wp-content\/uploads\/2025\/10\/Falecimento-48x48.jpg 48w, https:\/\/sinprfsp.org.br\/wp-content\/uploads\/2025\/10\/Falecimento-96x96.jpg 96w, https:\/\/sinprfsp.org.br\/wp-content\/uploads\/2025\/10\/Falecimento-150x150.jpg 150w, https:\/\/sinprfsp.org.br\/wp-content\/uploads\/2025\/10\/Falecimento-300x300.jpg 300w, https:\/\/sinprfsp.org.br\/wp-content\/uploads\/2025\/10\/Falecimento.jpg 1080w\" sizes=\"(max-width: 600px) 100vw, 600px\" \/><\/div>\n\t\t<\/a>\n\t\t\t\t<div class=\"elementor-post__text\">\n\t\t\t\t<h3 class=\"elementor-post__title\">\n\t\t\t<a href=\"https:\/\/sinprfsp.org.br\/index.php\/2026\/04\/06\/nota-de-falecimento-joao-augusto-calzado-gomes\/\" >\n\t\t\t\tNota de falecimento &#8211; Jo\u00e3o Augusto Calzado Gomes\t\t\t<\/a>\n\t\t<\/h3>\n\t\t\t\t<div class=\"elementor-post__meta-data\">\n\t\t\t\t\t<span class=\"elementor-post-date\">\n\t\t\t6 de abril de 2026\t\t<\/span>\n\t\t\t\t<\/div>\n\t\t\t\t<div class=\"elementor-post__excerpt\">\n\t\t\t<p>\u00c9 com imenso pesar que a Diretoria do Sindicato dos Policiais Rodovi\u00e1rios Federais no Estado de S\u00e3o Paulo (SINPRF-SP) comunica o falecimento do&nbsp;senhor Jo\u00e3o Augusto<\/p>\n\t\t<\/div>\n\t\t\t\t<\/div>\n\t\t\t\t<\/article>\n\t\t\t\t<article class=\"elementor-post elementor-grid-item post-19828 post type-post status-publish format-standard has-post-thumbnail hentry category-noticias-em-destaque\">\n\t\t\t\t<a class=\"elementor-post__thumbnail__link\" href=\"https:\/\/sinprfsp.org.br\/index.php\/2026\/04\/02\/comunicado-feriado-semana-santa-3\/\" >\n\t\t\t<div class=\"elementor-post__thumbnail\"><img loading=\"lazy\" decoding=\"async\" width=\"600\" height=\"540\" src=\"https:\/\/sinprfsp.org.br\/wp-content\/uploads\/2026\/04\/260402-site-SINPRF-SP-600x540.jpg\" class=\"attachment-medium size-medium wp-image-19824\" alt=\"\" \/><\/div>\n\t\t<\/a>\n\t\t\t\t<div class=\"elementor-post__text\">\n\t\t\t\t<h3 class=\"elementor-post__title\">\n\t\t\t<a href=\"https:\/\/sinprfsp.org.br\/index.php\/2026\/04\/02\/comunicado-feriado-semana-santa-3\/\" >\n\t\t\t\tComunicado \u2013 Feriado Semana Santa\t\t\t<\/a>\n\t\t<\/h3>\n\t\t\t\t<div class=\"elementor-post__meta-data\">\n\t\t\t\t\t<span class=\"elementor-post-date\">\n\t\t\t2 de abril de 2026\t\t<\/span>\n\t\t\t\t<\/div>\n\t\t\t\t<div class=\"elementor-post__excerpt\">\n\t\t\t<p>A diretoria do SINPRF-SP informa aos seus sindicalizados que, em&nbsp;virtude do feriado da Semana Santa, o sindicato&nbsp;n\u00e3o contar\u00e1 com expediente nesta sexta-feira (03\/04). Suas atividades<\/p>\n\t\t<\/div>\n\t\t\t\t<\/div>\n\t\t\t\t<\/article>\n\t\t\t\t<article class=\"elementor-post elementor-grid-item post-19814 post type-post status-publish format-standard has-post-thumbnail hentry category-noticias-em-destaque\">\n\t\t\t\t<a class=\"elementor-post__thumbnail__link\" href=\"https:\/\/sinprfsp.org.br\/index.php\/2026\/04\/01\/nota-prfs-nao-aceitarao-tratamento-desigual-por-parte-do-governo\/\" >\n\t\t\t<div class=\"elementor-post__thumbnail\"><img loading=\"lazy\" decoding=\"async\" width=\"600\" height=\"540\" src=\"https:\/\/sinprfsp.org.br\/wp-content\/uploads\/2026\/04\/260401-SINPRF-SP-600x540.jpg\" class=\"attachment-medium size-medium wp-image-19817\" alt=\"\" \/><\/div>\n\t\t<\/a>\n\t\t\t\t<div class=\"elementor-post__text\">\n\t\t\t\t<h3 class=\"elementor-post__title\">\n\t\t\t<a href=\"https:\/\/sinprfsp.org.br\/index.php\/2026\/04\/01\/nota-prfs-nao-aceitarao-tratamento-desigual-por-parte-do-governo\/\" >\n\t\t\t\tNOTA \u2013 PRFs n\u00e3o aceitar\u00e3o tratamento desigual por parte do Governo\t\t\t<\/a>\n\t\t<\/h3>\n\t\t\t\t<div class=\"elementor-post__meta-data\">\n\t\t\t\t\t<span class=\"elementor-post-date\">\n\t\t\t1 de abril de 2026\t\t<\/span>\n\t\t\t\t<\/div>\n\t\t\t\t<div class=\"elementor-post__excerpt\">\n\t\t\t<p>A FenaPRF exige respeito aos compromissos e tratamento ison\u00f4mico \u00e0s for\u00e7as policiais da Uni\u00e3o \u00c9 com perplexidade e preocupa\u00e7\u00e3o que a categoria dos Policiais Rodovi\u00e1rios<\/p>\n\t\t<\/div>\n\t\t\t\t<\/div>\n\t\t\t\t<\/article>\n\t\t\t\t<\/div>\n\t\t\t\t<nav class=\"elementor-pagination\" role=\"navigation\" aria-label=\"Pagination\">\n\t\t\t<span class=\"page-numbers prev\">&laquo; Anterior<\/span>\n<span aria-current=\"page\" class=\"page-numbers current\"><span class=\"elementor-screen-only\">Page<\/span>1<\/span>\n<a class=\"page-numbers\" href=\"https:\/\/sinprfsp.org.br\/index.php\/wp-json\/wp\/v2\/pages\/16654\/page\/2\/\"><span class=\"elementor-screen-only\">Page<\/span>2<\/a>\n<a class=\"page-numbers\" href=\"https:\/\/sinprfsp.org.br\/index.php\/wp-json\/wp\/v2\/pages\/16654\/page\/3\/\"><span class=\"elementor-screen-only\">Page<\/span>3<\/a>\n<span class=\"page-numbers dots\">&hellip;<\/span>\n<a class=\"page-numbers\" href=\"https:\/\/sinprfsp.org.br\/index.php\/wp-json\/wp\/v2\/pages\/16654\/page\/144\/\"><span class=\"elementor-screen-only\">Page<\/span>144<\/a>\n<a class=\"page-numbers next\" href=\"https:\/\/sinprfsp.org.br\/index.php\/wp-json\/wp\/v2\/pages\/16654\/page\/2\/\">Pr\u00f3xima &raquo;<\/a>\t\t<\/nav>\n\t\t\t\t\t\t<\/div>\n\t\t\t\t<\/div>\n\t\t\t\t\t<\/div>\n\t\t<\/div>\n\t\t\t\t\t<\/div>\n\t\t<\/section>\n\t\t\t\t<\/div>\n\t\t","protected":false},"excerpt":{"rendered":"","protected":false},"author":3,"featured_media":0,"parent":0,"menu_order":0,"comment_status":"closed","ping_status":"closed","template":"","meta":{"footnotes":""},"class_list":["post-16654","page","type-page","status-publish","hentry"],"_links":{"self":[{"href":"https:\/\/sinprfsp.org.br\/index.php\/wp-json\/wp\/v2\/pages\/16654","targetHints":{"allow":["GET"]}}],"collection":[{"href":"https:\/\/sinprfsp.org.br\/index.php\/wp-json\/wp\/v2\/pages"}],"about":[{"href":"https:\/\/sinprfsp.org.br\/index.php\/wp-json\/wp\/v2\/types\/page"}],"author":[{"embeddable":true,"href":"https:\/\/sinprfsp.org.br\/index.php\/wp-json\/wp\/v2\/users\/3"}],"replies":[{"embeddable":true,"href":"https:\/\/sinprfsp.org.br\/index.php\/wp-json\/wp\/v2\/comments?post=16654"}],"version-history":[{"count":4,"href":"https:\/\/sinprfsp.org.br\/index.php\/wp-json\/wp\/v2\/pages\/16654\/revisions"}],"predecessor-version":[{"id":16658,"href":"https:\/\/sinprfsp.org.br\/index.php\/wp-json\/wp\/v2\/pages\/16654\/revisions\/16658"}],"wp:attachment":[{"href":"https:\/\/sinprfsp.org.br\/index.php\/wp-json\/wp\/v2\/media?parent=16654"}],"curies":[{"name":"wp","href":"https:\/\/api.w.org\/{rel}","templated":true}]}}