{"id":4004,"date":"2019-04-01T04:06:30","date_gmt":"2019-04-01T04:06:30","guid":{"rendered":"https:\/\/www.gavias-theme.com\/wp\/indutri\/?page_id=4004"},"modified":"2022-04-11T11:27:25","modified_gmt":"2022-04-11T14:27:25","slug":"home-1","status":"publish","type":"page","link":"https:\/\/sinprfsp.org.br\/","title":{"rendered":"Home 1"},"content":{"rendered":"\t\t<div data-elementor-type=\"wp-post\" data-elementor-id=\"4004\" class=\"elementor elementor-4004\">\n\t\t\t\t\t\t<section class=\"elementor-section elementor-top-section elementor-element elementor-element-1947c5a elementor-section-full_width bg-overlay-top elementor-section-height-default elementor-section-height-default\" data-id=\"1947c5a\" data-element_type=\"section\">\n\t\t\t\t\t\t\t<div class=\"elementor-background-overlay\"><\/div>\n\t\t\t\t\t\t\t<div class=\"elementor-container elementor-column-gap-no\">\n\t\t\t\t\t<div class=\"elementor-column elementor-col-100 elementor-top-column elementor-element elementor-element-e8db23f top column-style-top\" data-id=\"e8db23f\" data-element_type=\"column\">\n\t\t\t<div class=\"elementor-widget-wrap elementor-element-populated\">\n\t\t\t\t\t\t<div class=\"elementor-element elementor-element-c0546c2 elementor--h-position-center elementor--v-position-middle elementor-arrows-position-inside elementor-pagination-position-inside elementor-widget elementor-widget-slides\" data-id=\"c0546c2\" data-element_type=\"widget\" data-settings=\"{&quot;navigation&quot;:&quot;both&quot;,&quot;autoplay&quot;:&quot;yes&quot;,&quot;pause_on_hover&quot;:&quot;yes&quot;,&quot;pause_on_interaction&quot;:&quot;yes&quot;,&quot;autoplay_speed&quot;:5000,&quot;infinite&quot;:&quot;yes&quot;,&quot;transition&quot;:&quot;slide&quot;,&quot;transition_speed&quot;:500}\" data-widget_type=\"slides.default\">\n\t\t\t\t<div class=\"elementor-widget-container\">\n\t\t\t\t\t\t\t<div class=\"elementor-swiper\">\n\t\t\t<div class=\"elementor-slides-wrapper elementor-main-swiper swiper-container\" dir=\"ltr\" data-animation=\"fadeInUp\">\n\t\t\t\t<div class=\"swiper-wrapper elementor-slides\">\n\t\t\t\t\t<div class=\"elementor-repeater-item-6c7d4f1 swiper-slide\"><div class=\"swiper-slide-bg\"><\/div><div class=\"swiper-slide-inner\" ><div class=\"swiper-slide-contents\"><\/div><\/div><\/div>\t\t\t\t<\/div>\n\t\t\t\t\t\t\t<\/div>\n\t\t<\/div>\n\t\t\t\t\t\t<\/div>\n\t\t\t\t<\/div>\n\t\t\t\t\t<\/div>\n\t\t<\/div>\n\t\t\t\t\t<\/div>\n\t\t<\/section>\n\t\t\t\t<section class=\"elementor-section elementor-top-section elementor-element elementor-element-aa2bbb6 elementor-section-boxed elementor-section-height-default elementor-section-height-default\" data-id=\"aa2bbb6\" data-element_type=\"section\">\n\t\t\t\t\t\t<div class=\"elementor-container elementor-column-gap-default\">\n\t\t\t\t\t<div class=\"elementor-column elementor-col-100 elementor-top-column elementor-element elementor-element-0b48b0c top column-style-top\" data-id=\"0b48b0c\" data-element_type=\"column\">\n\t\t\t<div class=\"elementor-widget-wrap elementor-element-populated\">\n\t\t\t\t\t\t<div class=\"elementor-element elementor-element-272b222 elementor-widget elementor-widget-text-editor\" data-id=\"272b222\" data-element_type=\"widget\" data-widget_type=\"text-editor.default\">\n\t\t\t\t<div class=\"elementor-widget-container\">\n\t\t\t\t\t\t\t\t\t<p>NOT\u00cdCIAS<\/p>\t\t\t\t\t\t\t\t<\/div>\n\t\t\t\t<\/div>\n\t\t\t\t<section class=\"elementor-section elementor-inner-section elementor-element elementor-element-0a65315 elementor-section-boxed elementor-section-height-default elementor-section-height-default\" data-id=\"0a65315\" data-element_type=\"section\">\n\t\t\t\t\t\t<div class=\"elementor-container elementor-column-gap-no\">\n\t\t\t\t\t<div class=\"elementor-column elementor-col-100 elementor-inner-column elementor-element elementor-element-8b35411 top column-style-top\" data-id=\"8b35411\" data-element_type=\"column\">\n\t\t\t<div class=\"elementor-widget-wrap elementor-element-populated\">\n\t\t\t\t\t\t<div class=\"elementor-element elementor-element-9a1fbd1 elementor-grid-3 elementor-grid-tablet-2 elementor-grid-mobile-1 elementor-posts--thumbnail-top elementor-widget elementor-widget-posts\" data-id=\"9a1fbd1\" data-element_type=\"widget\" data-settings=\"{&quot;classic_row_gap&quot;:{&quot;unit&quot;:&quot;px&quot;,&quot;size&quot;:51,&quot;sizes&quot;:[]},&quot;classic_columns&quot;:&quot;3&quot;,&quot;classic_columns_tablet&quot;:&quot;2&quot;,&quot;classic_columns_mobile&quot;:&quot;1&quot;}\" data-widget_type=\"posts.classic\">\n\t\t\t\t<div class=\"elementor-widget-container\">\n\t\t\t\t\t\t\t<div class=\"elementor-posts-container elementor-posts elementor-posts--skin-classic elementor-grid\">\n\t\t\t\t<article class=\"elementor-post elementor-grid-item post-19847 post type-post status-publish format-standard has-post-thumbnail hentry category-noticias-em-destaque\">\n\t\t\t\t<a class=\"elementor-post__thumbnail__link\" href=\"https:\/\/sinprfsp.org.br\/index.php\/2026\/04\/17\/comunicado-feriado-de-tiradentes\/\" >\n\t\t\t<div class=\"elementor-post__thumbnail\"><img fetchpriority=\"high\" decoding=\"async\" width=\"960\" height=\"540\" src=\"https:\/\/sinprfsp.org.br\/wp-content\/uploads\/2026\/04\/260417-site-SINPRF-SP.jpg\" class=\"attachment-full size-full wp-image-19848\" alt=\"\" srcset=\"https:\/\/sinprfsp.org.br\/wp-content\/uploads\/2026\/04\/260417-site-SINPRF-SP.jpg 960w, https:\/\/sinprfsp.org.br\/wp-content\/uploads\/2026\/04\/260417-site-SINPRF-SP-768x432.jpg 768w\" sizes=\"(max-width: 960px) 100vw, 960px\" \/><\/div>\n\t\t<\/a>\n\t\t\t\t<div class=\"elementor-post__text\">\n\t\t\t\t<h3 class=\"elementor-post__title\">\n\t\t\t<a href=\"https:\/\/sinprfsp.org.br\/index.php\/2026\/04\/17\/comunicado-feriado-de-tiradentes\/\" >\n\t\t\t\tComunicado &#8211; Feriado de Tiradentes\t\t\t<\/a>\n\t\t<\/h3>\n\t\t\t\t<\/div>\n\t\t\t\t<\/article>\n\t\t\t\t<article class=\"elementor-post elementor-grid-item post-19843 post type-post status-publish format-standard has-post-thumbnail hentry category-noticias-em-destaque\">\n\t\t\t\t<a class=\"elementor-post__thumbnail__link\" href=\"https:\/\/sinprfsp.org.br\/index.php\/2026\/04\/15\/fenaprf-disponibiliza-formulario-para-ajuizamento-de-acoes-cumprimento-de-sentenca-referente-a-correcao-monetaria-de-exercicios-anteriores\/\" >\n\t\t\t<div class=\"elementor-post__thumbnail\"><img decoding=\"async\" width=\"1024\" height=\"535\" src=\"https:\/\/sinprfsp.org.br\/wp-content\/uploads\/2026\/04\/direito.jpg\" class=\"attachment-full size-full wp-image-19844\" alt=\"\" srcset=\"https:\/\/sinprfsp.org.br\/wp-content\/uploads\/2026\/04\/direito.jpg 1024w, https:\/\/sinprfsp.org.br\/wp-content\/uploads\/2026\/04\/direito-768x401.jpg 768w\" sizes=\"(max-width: 1024px) 100vw, 1024px\" \/><\/div>\n\t\t<\/a>\n\t\t\t\t<div class=\"elementor-post__text\">\n\t\t\t\t<h3 class=\"elementor-post__title\">\n\t\t\t<a href=\"https:\/\/sinprfsp.org.br\/index.php\/2026\/04\/15\/fenaprf-disponibiliza-formulario-para-ajuizamento-de-acoes-cumprimento-de-sentenca-referente-a-correcao-monetaria-de-exercicios-anteriores\/\" >\n\t\t\t\tFenaPRF disponibiliza formul\u00e1rio para ajuizamento de a\u00e7\u00f5es cumprimento de senten\u00e7a referente \u00e0 Corre\u00e7\u00e3o Monet\u00e1ria de Exerc\u00edcios Anteriores\t\t\t<\/a>\n\t\t<\/h3>\n\t\t\t\t<\/div>\n\t\t\t\t<\/article>\n\t\t\t\t<article class=\"elementor-post elementor-grid-item post-19839 post type-post status-publish format-standard has-post-thumbnail hentry category-noticias-em-destaque\">\n\t\t\t\t<a class=\"elementor-post__thumbnail__link\" href=\"https:\/\/sinprfsp.org.br\/index.php\/2026\/04\/09\/plano-de-saude-atuacao-da-fenaprf-e-sindicatos-busca-manter-dependentes-e-evitar-cobrancas-indevidas\/\" >\n\t\t\t<div class=\"elementor-post__thumbnail\"><img decoding=\"async\" width=\"1440\" height=\"840\" src=\"https:\/\/sinprfsp.org.br\/wp-content\/uploads\/2026\/04\/Acao_judicial.jpg\" class=\"attachment-full size-full wp-image-19840\" alt=\"\" srcset=\"https:\/\/sinprfsp.org.br\/wp-content\/uploads\/2026\/04\/Acao_judicial.jpg 1440w, https:\/\/sinprfsp.org.br\/wp-content\/uploads\/2026\/04\/Acao_judicial-1024x597.jpg 1024w, https:\/\/sinprfsp.org.br\/wp-content\/uploads\/2026\/04\/Acao_judicial-768x448.jpg 768w\" sizes=\"(max-width: 1440px) 100vw, 1440px\" \/><\/div>\n\t\t<\/a>\n\t\t\t\t<div class=\"elementor-post__text\">\n\t\t\t\t<h3 class=\"elementor-post__title\">\n\t\t\t<a href=\"https:\/\/sinprfsp.org.br\/index.php\/2026\/04\/09\/plano-de-saude-atuacao-da-fenaprf-e-sindicatos-busca-manter-dependentes-e-evitar-cobrancas-indevidas\/\" >\n\t\t\t\tPlano de sa\u00fade: atua\u00e7\u00e3o da FenaPRF e sindicatos busca manter dependentes e evitar cobran\u00e7as indevidas\t\t\t<\/a>\n\t\t<\/h3>\n\t\t\t\t<\/div>\n\t\t\t\t<\/article>\n\t\t\t\t<article class=\"elementor-post elementor-grid-item post-19835 post type-post status-publish format-standard has-post-thumbnail hentry category-noticias-em-destaque\">\n\t\t\t\t<a class=\"elementor-post__thumbnail__link\" href=\"https:\/\/sinprfsp.org.br\/index.php\/2026\/04\/08\/contas-do-sinprf-sp-sao-aprovadas-em-assembleia-geral-ordinaria-3\/\" >\n\t\t\t<div class=\"elementor-post__thumbnail\"><img loading=\"lazy\" decoding=\"async\" width=\"2560\" height=\"1225\" src=\"https:\/\/sinprfsp.org.br\/wp-content\/uploads\/2026\/04\/AGO_07_abril_2026_-scaled.jpg\" class=\"attachment-full size-full wp-image-19836\" alt=\"\" srcset=\"https:\/\/sinprfsp.org.br\/wp-content\/uploads\/2026\/04\/AGO_07_abril_2026_-scaled.jpg 2560w, https:\/\/sinprfsp.org.br\/wp-content\/uploads\/2026\/04\/AGO_07_abril_2026_-1024x490.jpg 1024w, https:\/\/sinprfsp.org.br\/wp-content\/uploads\/2026\/04\/AGO_07_abril_2026_-768x367.jpg 768w\" sizes=\"(max-width: 2560px) 100vw, 2560px\" \/><\/div>\n\t\t<\/a>\n\t\t\t\t<div class=\"elementor-post__text\">\n\t\t\t\t<h3 class=\"elementor-post__title\">\n\t\t\t<a href=\"https:\/\/sinprfsp.org.br\/index.php\/2026\/04\/08\/contas-do-sinprf-sp-sao-aprovadas-em-assembleia-geral-ordinaria-3\/\" >\n\t\t\t\tContas do SINPRF-SP s\u00e3o aprovadas em Assembleia Geral Ordin\u00e1ria\t\t\t<\/a>\n\t\t<\/h3>\n\t\t\t\t<\/div>\n\t\t\t\t<\/article>\n\t\t\t\t<article class=\"elementor-post elementor-grid-item post-19833 post type-post status-publish format-standard has-post-thumbnail hentry category-noticias-em-destaque\">\n\t\t\t\t<a class=\"elementor-post__thumbnail__link\" href=\"https:\/\/sinprfsp.org.br\/index.php\/2026\/04\/07\/nota-de-falecimento-prf-aposentado-antonio-vicente-da-silva\/\" >\n\t\t\t<div class=\"elementor-post__thumbnail\"><img loading=\"lazy\" decoding=\"async\" width=\"1080\" height=\"1080\" src=\"https:\/\/sinprfsp.org.br\/wp-content\/uploads\/2025\/10\/Falecimento.jpg\" class=\"attachment-full size-full wp-image-19615\" alt=\"\" srcset=\"https:\/\/sinprfsp.org.br\/wp-content\/uploads\/2025\/10\/Falecimento.jpg 1080w, https:\/\/sinprfsp.org.br\/wp-content\/uploads\/2025\/10\/Falecimento-600x600.jpg 600w, https:\/\/sinprfsp.org.br\/wp-content\/uploads\/2025\/10\/Falecimento-1024x1024.jpg 1024w, https:\/\/sinprfsp.org.br\/wp-content\/uploads\/2025\/10\/Falecimento-180x180.jpg 180w, https:\/\/sinprfsp.org.br\/wp-content\/uploads\/2025\/10\/Falecimento-768x768.jpg 768w, https:\/\/sinprfsp.org.br\/wp-content\/uploads\/2025\/10\/Falecimento-24x24.jpg 24w, https:\/\/sinprfsp.org.br\/wp-content\/uploads\/2025\/10\/Falecimento-48x48.jpg 48w, https:\/\/sinprfsp.org.br\/wp-content\/uploads\/2025\/10\/Falecimento-96x96.jpg 96w, https:\/\/sinprfsp.org.br\/wp-content\/uploads\/2025\/10\/Falecimento-150x150.jpg 150w, https:\/\/sinprfsp.org.br\/wp-content\/uploads\/2025\/10\/Falecimento-300x300.jpg 300w\" sizes=\"(max-width: 1080px) 100vw, 1080px\" \/><\/div>\n\t\t<\/a>\n\t\t\t\t<div class=\"elementor-post__text\">\n\t\t\t\t<h3 class=\"elementor-post__title\">\n\t\t\t<a href=\"https:\/\/sinprfsp.org.br\/index.php\/2026\/04\/07\/nota-de-falecimento-prf-aposentado-antonio-vicente-da-silva\/\" >\n\t\t\t\tNota de falecimento \u2013 PRF aposentado Ant\u00f4nio Vicente da Silva\t\t\t<\/a>\n\t\t<\/h3>\n\t\t\t\t<\/div>\n\t\t\t\t<\/article>\n\t\t\t\t<article class=\"elementor-post elementor-grid-item post-19831 post type-post status-publish format-standard has-post-thumbnail hentry category-noticias-em-destaque\">\n\t\t\t\t<a class=\"elementor-post__thumbnail__link\" href=\"https:\/\/sinprfsp.org.br\/index.php\/2026\/04\/06\/nota-de-falecimento-joao-augusto-calzado-gomes\/\" >\n\t\t\t<div class=\"elementor-post__thumbnail\"><img loading=\"lazy\" decoding=\"async\" width=\"1080\" height=\"1080\" src=\"https:\/\/sinprfsp.org.br\/wp-content\/uploads\/2025\/10\/Falecimento.jpg\" class=\"attachment-full size-full wp-image-19615\" alt=\"\" srcset=\"https:\/\/sinprfsp.org.br\/wp-content\/uploads\/2025\/10\/Falecimento.jpg 1080w, https:\/\/sinprfsp.org.br\/wp-content\/uploads\/2025\/10\/Falecimento-600x600.jpg 600w, https:\/\/sinprfsp.org.br\/wp-content\/uploads\/2025\/10\/Falecimento-1024x1024.jpg 1024w, https:\/\/sinprfsp.org.br\/wp-content\/uploads\/2025\/10\/Falecimento-180x180.jpg 180w, https:\/\/sinprfsp.org.br\/wp-content\/uploads\/2025\/10\/Falecimento-768x768.jpg 768w, https:\/\/sinprfsp.org.br\/wp-content\/uploads\/2025\/10\/Falecimento-24x24.jpg 24w, https:\/\/sinprfsp.org.br\/wp-content\/uploads\/2025\/10\/Falecimento-48x48.jpg 48w, https:\/\/sinprfsp.org.br\/wp-content\/uploads\/2025\/10\/Falecimento-96x96.jpg 96w, https:\/\/sinprfsp.org.br\/wp-content\/uploads\/2025\/10\/Falecimento-150x150.jpg 150w, https:\/\/sinprfsp.org.br\/wp-content\/uploads\/2025\/10\/Falecimento-300x300.jpg 300w\" sizes=\"(max-width: 1080px) 100vw, 1080px\" \/><\/div>\n\t\t<\/a>\n\t\t\t\t<div class=\"elementor-post__text\">\n\t\t\t\t<h3 class=\"elementor-post__title\">\n\t\t\t<a href=\"https:\/\/sinprfsp.org.br\/index.php\/2026\/04\/06\/nota-de-falecimento-joao-augusto-calzado-gomes\/\" >\n\t\t\t\tNota de falecimento &#8211; Jo\u00e3o Augusto Calzado Gomes\t\t\t<\/a>\n\t\t<\/h3>\n\t\t\t\t<\/div>\n\t\t\t\t<\/article>\n\t\t\t\t<\/div>\n\t\t\t\t\t\t<\/div>\n\t\t\t\t<\/div>\n\t\t\t\t<div class=\"elementor-element elementor-element-51e20ca elementor-widget elementor-widget-heading\" data-id=\"51e20ca\" data-element_type=\"widget\" data-widget_type=\"heading.default\">\n\t\t\t\t<div class=\"elementor-widget-container\">\n\t\t\t\t\t<h6 class=\"elementor-heading-title elementor-size-default\"><a href=\"https:\/\/sinprfsp.org.br\/index.php\/noticias\/\">TODAS AS NOT\u00cdCIAS<\/a><\/h6>\t\t\t\t<\/div>\n\t\t\t\t<\/div>\n\t\t\t\t\t<\/div>\n\t\t<\/div>\n\t\t\t\t\t<\/div>\n\t\t<\/section>\n\t\t\t\t\t<\/div>\n\t\t<\/div>\n\t\t\t\t\t<\/div>\n\t\t<\/section>\n\t\t\t\t<section class=\"elementor-section elementor-top-section elementor-element elementor-element-8a35d03 elementor-section-boxed elementor-section-height-default elementor-section-height-default\" data-id=\"8a35d03\" data-element_type=\"section\" data-settings=\"{&quot;background_background&quot;:&quot;classic&quot;}\">\n\t\t\t\t\t\t<div class=\"elementor-container elementor-column-gap-default\">\n\t\t\t\t\t<div class=\"elementor-column elementor-col-100 elementor-top-column elementor-element elementor-element-10b0a3e top column-style-top\" data-id=\"10b0a3e\" data-element_type=\"column\">\n\t\t\t<div class=\"elementor-widget-wrap elementor-element-populated\">\n\t\t\t\t\t\t<div class=\"elementor-element elementor-element-73d5bdd elementor-widget elementor-widget-heading\" data-id=\"73d5bdd\" data-element_type=\"widget\" data-widget_type=\"heading.default\">\n\t\t\t\t<div class=\"elementor-widget-container\">\n\t\t\t\t\t<h2 class=\"elementor-heading-title elementor-size-default\">Servi\u00e7os<\/h2>\t\t\t\t<\/div>\n\t\t\t\t<\/div>\n\t\t\t\t<div class=\"elementor-element elementor-element-c1af9e9 .service-item-v2 .service-content {     padding: 10px 10px 10px 10px;     border: 1px solid #E9E9EE;     border-top: 0;     background: #fff; } elementor-skin-carousel elementor-arrows-yes elementor-widget elementor-widget-media-carousel\" data-id=\"c1af9e9\" data-element_type=\"widget\" id=\".service-item-v2 .service-content {     padding: 10px 10px 10px 10px;     border: 1px solid #E9E9EE;     border-top: 0;     background: #fff; }\" data-settings=\"{&quot;slides_per_view&quot;:&quot;4&quot;,&quot;skin&quot;:&quot;carousel&quot;,&quot;effect&quot;:&quot;slide&quot;,&quot;show_arrows&quot;:&quot;yes&quot;,&quot;speed&quot;:500,&quot;autoplay&quot;:&quot;yes&quot;,&quot;autoplay_speed&quot;:5000,&quot;loop&quot;:&quot;yes&quot;,&quot;pause_on_hover&quot;:&quot;yes&quot;,&quot;pause_on_interaction&quot;:&quot;yes&quot;,&quot;space_between&quot;:{&quot;unit&quot;:&quot;px&quot;,&quot;size&quot;:10,&quot;sizes&quot;:[]},&quot;space_between_tablet&quot;:{&quot;unit&quot;:&quot;px&quot;,&quot;size&quot;:10,&quot;sizes&quot;:[]},&quot;space_between_mobile&quot;:{&quot;unit&quot;:&quot;px&quot;,&quot;size&quot;:10,&quot;sizes&quot;:[]}}\" data-widget_type=\"media-carousel.default\">\n\t\t\t\t<div class=\"elementor-widget-container\">\n\t\t\t\t\t\t\t<div class=\"elementor-swiper\">\n\t\t\t<div class=\"elementor-main-swiper swiper-container\">\n\t\t\t\t<div class=\"swiper-wrapper\">\n\t\t\t\t\t\t\t\t\t\t\t<div class=\"swiper-slide\">\n\t\t\t\t\t\t\t<a href=\"\/index.php\/amfas\/\">\t\t<div class=\"elementor-carousel-image\" style=\"background-image: url(https:\/\/sinprfsp.org.br\/wp-content\/uploads\/2021\/11\/BANNER-SITE-800x800-amfas.jpg)\">\n\t\t\t\t\t<\/div>\n\t\t<\/a>\t\t\t\t\t\t<\/div>\n\t\t\t\t\t\t\t\t\t\t\t<div class=\"swiper-slide\">\n\t\t\t\t\t\t\t<a href=\"\/index.php\/assessoria-juridica\/\">\t\t<div class=\"elementor-carousel-image\" style=\"background-image: url(https:\/\/sinprfsp.org.br\/wp-content\/uploads\/2021\/11\/BANNER-SITE-800x800-assessoria-juridica.jpg)\">\n\t\t\t\t\t<\/div>\n\t\t<\/a>\t\t\t\t\t\t<\/div>\n\t\t\t\t\t\t\t\t\t\t\t<div class=\"swiper-slide\">\n\t\t\t\t\t\t\t<a href=\"\/index.php\/atualizacao-cadastral\/\">\t\t<div class=\"elementor-carousel-image\" style=\"background-image: url(https:\/\/sinprfsp.org.br\/wp-content\/uploads\/2021\/11\/BANNER-SITE-800x800-atualizacao-cadastral.jpg)\">\n\t\t\t\t\t<\/div>\n\t\t<\/a>\t\t\t\t\t\t<\/div>\n\t\t\t\t\t\t\t\t\t\t\t<div class=\"swiper-slide\">\n\t\t\t\t\t\t\t<a href=\"\/index.php\/fenaclube\/\">\t\t<div class=\"elementor-carousel-image\" style=\"background-image: url(https:\/\/sinprfsp.org.br\/wp-content\/uploads\/2021\/12\/BANNER-SITE-400x400-02.jpg)\">\n\t\t\t\t\t<\/div>\n\t\t<\/a>\t\t\t\t\t\t<\/div>\n\t\t\t\t\t\t\t\t\t\t\t<div class=\"swiper-slide\">\n\t\t\t\t\t\t\t<a href=\"\/index.php\/parcerias\/\">\t\t<div class=\"elementor-carousel-image\" style=\"background-image: url(https:\/\/sinprfsp.org.br\/wp-content\/uploads\/2021\/11\/BANNER-SITE-800x800-parceiros.jpg)\">\n\t\t\t\t\t<\/div>\n\t\t<\/a>\t\t\t\t\t\t<\/div>\n\t\t\t\t\t\t\t\t\t\t\t<div class=\"swiper-slide\">\n\t\t\t\t\t\t\t<a href=\"\/index.php\/registro-de-armas\/\">\t\t<div class=\"elementor-carousel-image\" style=\"background-image: url(https:\/\/sinprfsp.org.br\/wp-content\/uploads\/2021\/11\/BANNER-SITE-800x800-registro-de-armas.jpg)\">\n\t\t\t\t\t<\/div>\n\t\t<\/a>\t\t\t\t\t\t<\/div>\n\t\t\t\t\t\t\t\t\t<\/div>\n\t\t\t\t\t\t\t\t\t\t\t\t\t\t\t\t\t\t\t\t<div class=\"elementor-swiper-button elementor-swiper-button-prev\">\n\t\t\t\t\t\t\t<i class=\"eicon-chevron-left\" aria-hidden=\"true\"><\/i>\n\t\t\t\t\t\t\t<span class=\"elementor-screen-only\">Previous<\/span>\n\t\t\t\t\t\t<\/div>\n\t\t\t\t\t\t<div class=\"elementor-swiper-button elementor-swiper-button-next\">\n\t\t\t\t\t\t\t<i class=\"eicon-chevron-right\" aria-hidden=\"true\"><\/i>\n\t\t\t\t\t\t\t<span class=\"elementor-screen-only\">Next<\/span>\n\t\t\t\t\t\t<\/div>\n\t\t\t\t\t\t\t\t\t\t\t\t<\/div>\n\t\t<\/div>\n\t\t\t\t\t\t<\/div>\n\t\t\t\t<\/div>\n\t\t\t\t\t<\/div>\n\t\t<\/div>\n\t\t\t\t\t<\/div>\n\t\t<\/section>\n\t\t\t\t<section class=\"elementor-section elementor-top-section elementor-element elementor-element-a902fcd elementor-section-boxed elementor-section-height-default elementor-section-height-default\" data-id=\"a902fcd\" data-element_type=\"section\">\n\t\t\t\t\t\t<div class=\"elementor-container elementor-column-gap-default\">\n\t\t\t\t\t<div class=\"elementor-column elementor-col-100 elementor-top-column elementor-element elementor-element-a3e0b2c top column-style-top\" data-id=\"a3e0b2c\" data-element_type=\"column\">\n\t\t\t<div class=\"elementor-widget-wrap elementor-element-populated\">\n\t\t\t\t\t\t<div class=\"elementor-element elementor-element-a9118e2 elementor-widget elementor-widget-text-editor\" data-id=\"a9118e2\" data-element_type=\"widget\" data-widget_type=\"text-editor.default\">\n\t\t\t\t<div class=\"elementor-widget-container\">\n\t\t\t\t\t\t\t\t\t<p>V\u00cdDEOS<\/p>\t\t\t\t\t\t\t\t<\/div>\n\t\t\t\t<\/div>\n\t\t\t\t<section class=\"elementor-section elementor-inner-section elementor-element elementor-element-b225597 elementor-section-content-middle elementor-section-boxed elementor-section-height-default elementor-section-height-default\" data-id=\"b225597\" data-element_type=\"section\">\n\t\t\t\t\t\t<div class=\"elementor-container elementor-column-gap-no\">\n\t\t\t\t\t<div class=\"elementor-column elementor-col-33 elementor-inner-column elementor-element elementor-element-ae68017 top column-style-top\" data-id=\"ae68017\" data-element_type=\"column\">\n\t\t\t<div class=\"elementor-widget-wrap elementor-element-populated\">\n\t\t\t\t\t\t<div class=\"elementor-element elementor-element-8f718f3 elementor-widget elementor-widget-video\" data-id=\"8f718f3\" data-element_type=\"widget\" data-settings=\"{&quot;youtube_url&quot;:&quot;https:\\\/\\\/www.youtube.com\\\/watch?v=sbgXVUBUHg8&amp;ab_channel=SINPRF-SPOficial&quot;,&quot;video_type&quot;:&quot;youtube&quot;,&quot;controls&quot;:&quot;yes&quot;}\" data-widget_type=\"video.default\">\n\t\t\t\t<div class=\"elementor-widget-container\">\n\t\t\t\t\t\t\t<div class=\"elementor-wrapper elementor-open-inline\">\n\t\t\t<div class=\"elementor-video\"><\/div>\t\t<\/div>\n\t\t\t\t\t\t<\/div>\n\t\t\t\t<\/div>\n\t\t\t\t\t<\/div>\n\t\t<\/div>\n\t\t\t\t<div class=\"elementor-column elementor-col-33 elementor-inner-column elementor-element elementor-element-98ef8ba top column-style-top\" data-id=\"98ef8ba\" data-element_type=\"column\">\n\t\t\t<div class=\"elementor-widget-wrap elementor-element-populated\">\n\t\t\t\t\t\t<div class=\"elementor-element elementor-element-fadff83 elementor-widget__width-initial elementor-hidden-mobile elementor-widget elementor-widget-spacer\" data-id=\"fadff83\" data-element_type=\"widget\" data-widget_type=\"spacer.default\">\n\t\t\t\t<div class=\"elementor-widget-container\">\n\t\t\t\t\t\t\t<div class=\"elementor-spacer\">\n\t\t\t<div class=\"elementor-spacer-inner\"><\/div>\n\t\t<\/div>\n\t\t\t\t\t\t<\/div>\n\t\t\t\t<\/div>\n\t\t\t\t\t<\/div>\n\t\t<\/div>\n\t\t\t\t<div class=\"elementor-column elementor-col-33 elementor-inner-column elementor-element elementor-element-694666e top column-style-top\" data-id=\"694666e\" data-element_type=\"column\">\n\t\t\t<div class=\"elementor-widget-wrap elementor-element-populated\">\n\t\t\t\t\t\t<div class=\"elementor-element elementor-element-f5c0542 elementor-widget elementor-widget-video\" data-id=\"f5c0542\" data-element_type=\"widget\" data-settings=\"{&quot;youtube_url&quot;:&quot;https:\\\/\\\/www.youtube.com\\\/watch?v=29uoWpcYdhI&amp;ab_channel=SINPRF-SPOficial&quot;,&quot;video_type&quot;:&quot;youtube&quot;,&quot;controls&quot;:&quot;yes&quot;}\" data-widget_type=\"video.default\">\n\t\t\t\t<div class=\"elementor-widget-container\">\n\t\t\t\t\t\t\t<div class=\"elementor-wrapper elementor-open-inline\">\n\t\t\t<div class=\"elementor-video\"><\/div>\t\t<\/div>\n\t\t\t\t\t\t<\/div>\n\t\t\t\t<\/div>\n\t\t\t\t<div class=\"elementor-element elementor-element-06c9b2f elementor-widget elementor-widget-video\" data-id=\"06c9b2f\" data-element_type=\"widget\" data-settings=\"{&quot;youtube_url&quot;:&quot;https:\\\/\\\/www.youtube.com\\\/watch?v=sbgXVUBUHg8&amp;ab_channel=SINPRF-SPOficial&quot;,&quot;video_type&quot;:&quot;youtube&quot;,&quot;controls&quot;:&quot;yes&quot;}\" data-widget_type=\"video.default\">\n\t\t\t\t<div class=\"elementor-widget-container\">\n\t\t\t\t\t\t\t<div class=\"elementor-wrapper elementor-open-inline\">\n\t\t\t<div class=\"elementor-video\"><\/div>\t\t<\/div>\n\t\t\t\t\t\t<\/div>\n\t\t\t\t<\/div>\n\t\t\t\t\t<\/div>\n\t\t<\/div>\n\t\t\t\t\t<\/div>\n\t\t<\/section>\n\t\t\t\t\t<\/div>\n\t\t<\/div>\n\t\t\t\t\t<\/div>\n\t\t<\/section>\n\t\t\t\t<section class=\"elementor-section elementor-top-section elementor-element elementor-element-e5c1ff1 elementor-section-boxed elementor-section-height-default elementor-section-height-default\" data-id=\"e5c1ff1\" data-element_type=\"section\">\n\t\t\t\t\t\t<div class=\"elementor-container elementor-column-gap-default\">\n\t\t\t\t\t<div class=\"elementor-column elementor-col-100 elementor-top-column elementor-element elementor-element-2c73459 top column-style-top\" data-id=\"2c73459\" data-element_type=\"column\">\n\t\t\t<div class=\"elementor-widget-wrap elementor-element-populated\">\n\t\t\t\t\t\t<div class=\"elementor-element elementor-element-4eef070 elementor-widget elementor-widget-spacer\" data-id=\"4eef070\" data-element_type=\"widget\" data-widget_type=\"spacer.default\">\n\t\t\t\t<div class=\"elementor-widget-container\">\n\t\t\t\t\t\t\t<div class=\"elementor-spacer\">\n\t\t\t<div class=\"elementor-spacer-inner\"><\/div>\n\t\t<\/div>\n\t\t\t\t\t\t<\/div>\n\t\t\t\t<\/div>\n\t\t\t\t\t<\/div>\n\t\t<\/div>\n\t\t\t\t\t<\/div>\n\t\t<\/section>\n\t\t\t\t<\/div>\n\t\t","protected":false},"excerpt":{"rendered":"<p>NOT\u00cdCIAS TODAS AS NOT\u00cdCIAS Servi\u00e7os Previous Next V\u00cdDEOS https:\/\/www.youtube.com\/watch?v=sbgXVUBUHg8&#038;ab_channel=SINPRF-SPOficial<\/p>\n","protected":false},"author":3,"featured_media":0,"parent":0,"menu_order":0,"comment_status":"closed","ping_status":"closed","template":"","meta":{"footnotes":""},"class_list":["post-4004","page","type-page","status-publish","hentry"],"_links":{"self":[{"href":"https:\/\/sinprfsp.org.br\/index.php\/wp-json\/wp\/v2\/pages\/4004","targetHints":{"allow":["GET"]}}],"collection":[{"href":"https:\/\/sinprfsp.org.br\/index.php\/wp-json\/wp\/v2\/pages"}],"about":[{"href":"https:\/\/sinprfsp.org.br\/index.php\/wp-json\/wp\/v2\/types\/page"}],"author":[{"embeddable":true,"href":"https:\/\/sinprfsp.org.br\/index.php\/wp-json\/wp\/v2\/users\/3"}],"replies":[{"embeddable":true,"href":"https:\/\/sinprfsp.org.br\/index.php\/wp-json\/wp\/v2\/comments?post=4004"}],"version-history":[{"count":210,"href":"https:\/\/sinprfsp.org.br\/index.php\/wp-json\/wp\/v2\/pages\/4004\/revisions"}],"predecessor-version":[{"id":17066,"href":"https:\/\/sinprfsp.org.br\/index.php\/wp-json\/wp\/v2\/pages\/4004\/revisions\/17066"}],"wp:attachment":[{"href":"https:\/\/sinprfsp.org.br\/index.php\/wp-json\/wp\/v2\/media?parent=4004"}],"curies":[{"name":"wp","href":"https:\/\/api.w.org\/{rel}","templated":true}]}}